{"id":16157,"date":"2022-12-12T13:04:27","date_gmt":"2022-12-12T11:04:27","guid":{"rendered":"https:\/\/rubi5.com\/?post_type=product&#038;p=16157"},"modified":"2026-01-22T04:35:15","modified_gmt":"2026-01-22T02:35:15","slug":"bloc-notas-diser","status":"publish","type":"product","link":"https:\/\/rubi5.com\/staging\/bloc-notas-diser\/","title":{"rendered":"Bloc Notas Diser"},"content":{"rendered":"","protected":false},"excerpt":{"rendered":"<p>Bloc de notas adhesivas de anillas con bol\u00edgrafo de cart\u00f3n reciclado incluido. Tapas de suave tacto acabadas en resistente cart\u00f3n reciclado r\u00edgido con troquelado.<\/p>\n<p>Este bloc de notas personalizado, contiene 50 hojas de rayas, 15 notas adhesivas grandes y 75 mini notas adhesivas. El bol\u00edgrafo ecol\u00f3gico, tambi\u00e9n de cart\u00f3n, podr\u00e1 personalizarse con el mismo logo que el bloc de notas. T\u00fa eliges si quieres grabar solo la libreta o tambi\u00e9n a\u00f1adir el bol\u00edgrafo.<\/p>\n<p>Bol\u00edgrafo en tinta azul.<\/p>\n","protected":false},"featured_media":62323,"template":"","meta":{"_acf_changed":false},"product_brand":[],"product_cat":[248,247,33],"product_tag":[],"class_list":{"0":"post-16157","1":"product","2":"type-product","3":"status-publish","4":"has-post-thumbnail","6":"product_cat-blocs-de-notas-personalizados","7":"product_cat-libretas-personalizadas","8":"product_cat-oficina","10":"first","11":"instock","12":"taxable","13":"shipping-taxable","14":"purchasable","15":"product-type-variable"},"acf":[],"_links":{"self":[{"href":"https:\/\/rubi5.com\/staging\/wp-json\/wp\/v2\/product\/16157","targetHints":{"allow":["GET"]}}],"collection":[{"href":"https:\/\/rubi5.com\/staging\/wp-json\/wp\/v2\/product"}],"about":[{"href":"https:\/\/rubi5.com\/staging\/wp-json\/wp\/v2\/types\/product"}],"version-history":[{"count":4,"href":"https:\/\/rubi5.com\/staging\/wp-json\/wp\/v2\/product\/16157\/revisions"}],"predecessor-version":[{"id":56402,"href":"https:\/\/rubi5.com\/staging\/wp-json\/wp\/v2\/product\/16157\/revisions\/56402"}],"wp:featuredmedia":[{"embeddable":true,"href":"https:\/\/rubi5.com\/staging\/wp-json\/wp\/v2\/media\/62323"}],"wp:attachment":[{"href":"https:\/\/rubi5.com\/staging\/wp-json\/wp\/v2\/media?parent=16157"}],"wp:term":[{"taxonomy":"product_brand","embeddable":true,"href":"https:\/\/rubi5.com\/staging\/wp-json\/wp\/v2\/product_brand?post=16157"},{"taxonomy":"product_cat","embeddable":true,"href":"https:\/\/rubi5.com\/staging\/wp-json\/wp\/v2\/product_cat?post=16157"},{"taxonomy":"product_tag","embeddable":true,"href":"https:\/\/rubi5.com\/staging\/wp-json\/wp\/v2\/product_tag?post=16157"}],"curies":[{"name":"wp","href":"https:\/\/api.w.org\/{rel}","templated":true}]}}