{"id":16161,"date":"2022-12-12T13:04:28","date_gmt":"2022-12-12T11:04:28","guid":{"rendered":"https:\/\/rubi5.com\/?post_type=product&#038;p=16161"},"modified":"2026-01-22T04:35:15","modified_gmt":"2026-01-22T02:35:15","slug":"bloc-notas-bluster","status":"publish","type":"product","link":"https:\/\/rubi5.com\/staging\/bloc-notas-bluster\/","title":{"rendered":"Bloc Notas Bluster"},"content":{"rendered":"","protected":false},"excerpt":{"rendered":"<p>Bloc de notas de l\u00ednea nature en combinaci\u00f3n de corcho natural con polipiel y con tapas r\u00edgidas. De 100 hojas lisas con acabado natural, el\u00e1stico de sujeci\u00f3n y marcap\u00e1ginas de tela a juego. Disponible en variada gama de colores.<\/p>\n<p>Medidas libreta: 14.7 x 21 cm<\/p>\n","protected":false},"featured_media":62139,"template":"","meta":{"_acf_changed":false},"product_brand":[],"product_cat":[934,247,33],"product_tag":[],"class_list":{"0":"post-16161","1":"product","2":"type-product","3":"status-publish","4":"has-post-thumbnail","6":"product_cat-libretas-a5","7":"product_cat-libretas-personalizadas","8":"product_cat-oficina","10":"first","11":"instock","12":"taxable","13":"shipping-taxable","14":"purchasable","15":"product-type-variable"},"acf":[],"_links":{"self":[{"href":"https:\/\/rubi5.com\/staging\/wp-json\/wp\/v2\/product\/16161","targetHints":{"allow":["GET"]}}],"collection":[{"href":"https:\/\/rubi5.com\/staging\/wp-json\/wp\/v2\/product"}],"about":[{"href":"https:\/\/rubi5.com\/staging\/wp-json\/wp\/v2\/types\/product"}],"version-history":[{"count":2,"href":"https:\/\/rubi5.com\/staging\/wp-json\/wp\/v2\/product\/16161\/revisions"}],"predecessor-version":[{"id":57456,"href":"https:\/\/rubi5.com\/staging\/wp-json\/wp\/v2\/product\/16161\/revisions\/57456"}],"wp:featuredmedia":[{"embeddable":true,"href":"https:\/\/rubi5.com\/staging\/wp-json\/wp\/v2\/media\/62139"}],"wp:attachment":[{"href":"https:\/\/rubi5.com\/staging\/wp-json\/wp\/v2\/media?parent=16161"}],"wp:term":[{"taxonomy":"product_brand","embeddable":true,"href":"https:\/\/rubi5.com\/staging\/wp-json\/wp\/v2\/product_brand?post=16161"},{"taxonomy":"product_cat","embeddable":true,"href":"https:\/\/rubi5.com\/staging\/wp-json\/wp\/v2\/product_cat?post=16161"},{"taxonomy":"product_tag","embeddable":true,"href":"https:\/\/rubi5.com\/staging\/wp-json\/wp\/v2\/product_tag?post=16161"}],"curies":[{"name":"wp","href":"https:\/\/api.w.org\/{rel}","templated":true}]}}