{"id":16185,"date":"2022-12-12T13:04:49","date_gmt":"2022-12-12T11:04:49","guid":{"rendered":"https:\/\/rubi5.com\/?post_type=product&#038;p=16185"},"modified":"2026-01-22T04:35:15","modified_gmt":"2026-01-22T02:35:15","slug":"bloc-notas-meivax","status":"publish","type":"product","link":"https:\/\/rubi5.com\/staging\/bloc-notas-meivax\/","title":{"rendered":"Bloc Notas Meivax"},"content":{"rendered":"","protected":false},"excerpt":{"rendered":"<p>Bloc de notas de l\u00ednea nature con tapas r\u00edgidas en 600D RPET, elaborado a partir de pl\u00e1stico reciclado para as\u00ed fomentar la reutilizaci\u00f3n de residuos pl\u00e1sticos y contribuir a la sostenibilidad del planeta. Disponible en amplia gama de colores, incluye 80 hojas con disposici\u00f3n a una raya. Con el\u00e1stico de sujeci\u00f3n y marcap\u00e1ginas de tela a juego. Distintivo RPET en parte trasera.<\/p>\n<p>Medidas libretas: 14.7 x 21 cm<\/p>\n","protected":false},"featured_media":62143,"template":"","meta":{"_acf_changed":false},"product_brand":[],"product_cat":[247,933,33],"product_tag":[],"class_list":{"0":"post-16185","1":"product","2":"type-product","3":"status-publish","4":"has-post-thumbnail","6":"product_cat-libretas-personalizadas","7":"product_cat-libretas-ecologicas","8":"product_cat-oficina","10":"first","11":"instock","12":"taxable","13":"shipping-taxable","14":"purchasable","15":"product-type-variable"},"acf":[],"_links":{"self":[{"href":"https:\/\/rubi5.com\/staging\/wp-json\/wp\/v2\/product\/16185","targetHints":{"allow":["GET"]}}],"collection":[{"href":"https:\/\/rubi5.com\/staging\/wp-json\/wp\/v2\/product"}],"about":[{"href":"https:\/\/rubi5.com\/staging\/wp-json\/wp\/v2\/types\/product"}],"version-history":[{"count":3,"href":"https:\/\/rubi5.com\/staging\/wp-json\/wp\/v2\/product\/16185\/revisions"}],"predecessor-version":[{"id":61200,"href":"https:\/\/rubi5.com\/staging\/wp-json\/wp\/v2\/product\/16185\/revisions\/61200"}],"wp:featuredmedia":[{"embeddable":true,"href":"https:\/\/rubi5.com\/staging\/wp-json\/wp\/v2\/media\/62143"}],"wp:attachment":[{"href":"https:\/\/rubi5.com\/staging\/wp-json\/wp\/v2\/media?parent=16185"}],"wp:term":[{"taxonomy":"product_brand","embeddable":true,"href":"https:\/\/rubi5.com\/staging\/wp-json\/wp\/v2\/product_brand?post=16185"},{"taxonomy":"product_cat","embeddable":true,"href":"https:\/\/rubi5.com\/staging\/wp-json\/wp\/v2\/product_cat?post=16185"},{"taxonomy":"product_tag","embeddable":true,"href":"https:\/\/rubi5.com\/staging\/wp-json\/wp\/v2\/product_tag?post=16185"}],"curies":[{"name":"wp","href":"https:\/\/api.w.org\/{rel}","templated":true}]}}