{"id":16249,"date":"2022-12-12T14:24:45","date_gmt":"2022-12-12T12:24:45","guid":{"rendered":"https:\/\/rubi5.com\/?post_type=product&#038;p=16249"},"modified":"2026-01-22T04:35:15","modified_gmt":"2026-01-22T02:35:15","slug":"portadocumentos-derek","status":"publish","type":"product","link":"https:\/\/rubi5.com\/staging\/portadocumentos-derek\/","title":{"rendered":"Portadocumentos Derek"},"content":{"rendered":"","protected":false},"excerpt":{"rendered":"<p>Portadocumentos de l\u00ednea nature y en resistente poli\u00e9ster 600D RPET reciclado y libre de PVC, fruto de la combinaci\u00f3n del proceso de reciclaje de materiales pl\u00e1sticos junto con la t\u00e9cnica milenaria de fabricaci\u00f3n del fieltro, dando como resultado un material de eco-tendencia de origen reciclado. Con acolchado y bolsillo principal con tiras de cierre de hebilla. bolsillo interior de cierre de cremallera y cinta bandolera ajustable para hombro. Con asa de transporte reforzada y accesorio en parte posterior para ajuste en barra de trollley. Resistencia hasta 7kg, con distintivo RPET en etiqueta exterior.<\/p>\n","protected":false},"featured_media":62313,"template":"","meta":{"_acf_changed":false},"product_brand":[],"product_cat":[250,937,33],"product_tag":[],"class_list":{"0":"post-16249","1":"product","2":"type-product","3":"status-publish","4":"has-post-thumbnail","6":"product_cat-maletines-personalizados","7":"product_cat-maletines-portadocumentos","8":"product_cat-oficina","10":"first","11":"instock","12":"taxable","13":"shipping-taxable","14":"purchasable","15":"product-type-variable"},"acf":[],"_links":{"self":[{"href":"https:\/\/rubi5.com\/staging\/wp-json\/wp\/v2\/product\/16249","targetHints":{"allow":["GET"]}}],"collection":[{"href":"https:\/\/rubi5.com\/staging\/wp-json\/wp\/v2\/product"}],"about":[{"href":"https:\/\/rubi5.com\/staging\/wp-json\/wp\/v2\/types\/product"}],"version-history":[{"count":1,"href":"https:\/\/rubi5.com\/staging\/wp-json\/wp\/v2\/product\/16249\/revisions"}],"predecessor-version":[{"id":16282,"href":"https:\/\/rubi5.com\/staging\/wp-json\/wp\/v2\/product\/16249\/revisions\/16282"}],"wp:featuredmedia":[{"embeddable":true,"href":"https:\/\/rubi5.com\/staging\/wp-json\/wp\/v2\/media\/62313"}],"wp:attachment":[{"href":"https:\/\/rubi5.com\/staging\/wp-json\/wp\/v2\/media?parent=16249"}],"wp:term":[{"taxonomy":"product_brand","embeddable":true,"href":"https:\/\/rubi5.com\/staging\/wp-json\/wp\/v2\/product_brand?post=16249"},{"taxonomy":"product_cat","embeddable":true,"href":"https:\/\/rubi5.com\/staging\/wp-json\/wp\/v2\/product_cat?post=16249"},{"taxonomy":"product_tag","embeddable":true,"href":"https:\/\/rubi5.com\/staging\/wp-json\/wp\/v2\/product_tag?post=16249"}],"curies":[{"name":"wp","href":"https:\/\/api.w.org\/{rel}","templated":true}]}}