{"id":16253,"date":"2022-12-12T14:24:45","date_gmt":"2022-12-12T12:24:45","guid":{"rendered":"https:\/\/rubi5.com\/?post_type=product&#038;p=16253"},"modified":"2026-01-22T04:34:14","modified_gmt":"2026-01-22T02:34:14","slug":"maletin-bakex","status":"publish","type":"product","link":"https:\/\/rubi5.com\/staging\/maletin-bakex\/","title":{"rendered":"Malet\u00edn Bakex"},"content":{"rendered":"","protected":false},"excerpt":{"rendered":"<p>Malet\u00edn de l\u00ednea nature con dise\u00f1o urbano y acolchado total. Fabricado en resistente RPET 300D elaborado a partir de pl\u00e1stico reciclado, para as\u00ed fomentar la reutilizaci\u00f3n de residuos pl\u00e1sticos y contribuir a la sostenibilidad del planeta. Accesorio para ajuste en trolley, con compartimento interior acolchado para ordenador port\u00e1til de hasta 15 pulgadas. Bolsillo principal con cierre de cremallera y tirador met\u00e1lico. C\u00f3modas asas de transporte reforzadas y cinta bandolera ajustable, con refuerzo acolchado para hombro y cierres giratorios de mosquet\u00f3n. Distintivo RPET en etiqueta.<\/p>\n","protected":false},"featured_media":62309,"template":"","meta":{"_acf_changed":false},"product_brand":[],"product_cat":[938,250,33],"product_tag":[],"class_list":{"0":"post-16253","1":"product","2":"type-product","3":"status-publish","4":"has-post-thumbnail","6":"product_cat-maletines-para-portatil","7":"product_cat-maletines-personalizados","8":"product_cat-oficina","10":"first","11":"instock","12":"taxable","13":"shipping-taxable","14":"product-type-variable"},"acf":[],"_links":{"self":[{"href":"https:\/\/rubi5.com\/staging\/wp-json\/wp\/v2\/product\/16253","targetHints":{"allow":["GET"]}}],"collection":[{"href":"https:\/\/rubi5.com\/staging\/wp-json\/wp\/v2\/product"}],"about":[{"href":"https:\/\/rubi5.com\/staging\/wp-json\/wp\/v2\/types\/product"}],"version-history":[{"count":1,"href":"https:\/\/rubi5.com\/staging\/wp-json\/wp\/v2\/product\/16253\/revisions"}],"predecessor-version":[{"id":16292,"href":"https:\/\/rubi5.com\/staging\/wp-json\/wp\/v2\/product\/16253\/revisions\/16292"}],"wp:featuredmedia":[{"embeddable":true,"href":"https:\/\/rubi5.com\/staging\/wp-json\/wp\/v2\/media\/62309"}],"wp:attachment":[{"href":"https:\/\/rubi5.com\/staging\/wp-json\/wp\/v2\/media?parent=16253"}],"wp:term":[{"taxonomy":"product_brand","embeddable":true,"href":"https:\/\/rubi5.com\/staging\/wp-json\/wp\/v2\/product_brand?post=16253"},{"taxonomy":"product_cat","embeddable":true,"href":"https:\/\/rubi5.com\/staging\/wp-json\/wp\/v2\/product_cat?post=16253"},{"taxonomy":"product_tag","embeddable":true,"href":"https:\/\/rubi5.com\/staging\/wp-json\/wp\/v2\/product_tag?post=16253"}],"curies":[{"name":"wp","href":"https:\/\/api.w.org\/{rel}","templated":true}]}}