{"id":16259,"date":"2022-12-12T14:24:46","date_gmt":"2022-12-12T12:24:46","guid":{"rendered":"https:\/\/rubi5.com\/?post_type=product&#038;p=16259"},"modified":"2026-01-22T04:35:15","modified_gmt":"2026-01-22T02:35:15","slug":"portadocumentos-soporte-murray","status":"publish","type":"product","link":"https:\/\/rubi5.com\/staging\/portadocumentos-soporte-murray\/","title":{"rendered":"Portadocumentos Soporte Murray"},"content":{"rendered":"","protected":false},"excerpt":{"rendered":"<p>Portadocumentos de l\u00ednea nature y en resistente 300D RPET efecto melange, elaborado a partir de pl\u00e1stico reciclado, para as\u00ed fomentar la reutilizaci\u00f3n de residuos pl\u00e1sticos y contribuir a la sostenibilidad del planeta. Con original soporte integrado para ordenador port\u00e1til, bolsillos principal y frontal con cierre de cremallera. Interior con bolsillo acolchado para port\u00e1til de hasta 15 pulgadas y bolsillo para tablet de hasta 10 pulgadas. Cinta bandolera ajustable para hombro, con asa de transporte reforzada. Resistencia hasta 6kg, con distintivo RPET en etiqueta exterior.<\/p>\n","protected":false},"featured_media":62318,"template":"","meta":{"_acf_changed":false},"product_brand":[],"product_cat":[938,250,33],"product_tag":[],"class_list":{"0":"post-16259","1":"product","2":"type-product","3":"status-publish","4":"has-post-thumbnail","6":"product_cat-maletines-para-portatil","7":"product_cat-maletines-personalizados","8":"product_cat-oficina","10":"first","11":"instock","12":"taxable","13":"shipping-taxable","14":"purchasable","15":"product-type-variable"},"acf":[],"_links":{"self":[{"href":"https:\/\/rubi5.com\/staging\/wp-json\/wp\/v2\/product\/16259","targetHints":{"allow":["GET"]}}],"collection":[{"href":"https:\/\/rubi5.com\/staging\/wp-json\/wp\/v2\/product"}],"about":[{"href":"https:\/\/rubi5.com\/staging\/wp-json\/wp\/v2\/types\/product"}],"version-history":[{"count":1,"href":"https:\/\/rubi5.com\/staging\/wp-json\/wp\/v2\/product\/16259\/revisions"}],"predecessor-version":[{"id":16319,"href":"https:\/\/rubi5.com\/staging\/wp-json\/wp\/v2\/product\/16259\/revisions\/16319"}],"wp:featuredmedia":[{"embeddable":true,"href":"https:\/\/rubi5.com\/staging\/wp-json\/wp\/v2\/media\/62318"}],"wp:attachment":[{"href":"https:\/\/rubi5.com\/staging\/wp-json\/wp\/v2\/media?parent=16259"}],"wp:term":[{"taxonomy":"product_brand","embeddable":true,"href":"https:\/\/rubi5.com\/staging\/wp-json\/wp\/v2\/product_brand?post=16259"},{"taxonomy":"product_cat","embeddable":true,"href":"https:\/\/rubi5.com\/staging\/wp-json\/wp\/v2\/product_cat?post=16259"},{"taxonomy":"product_tag","embeddable":true,"href":"https:\/\/rubi5.com\/staging\/wp-json\/wp\/v2\/product_tag?post=16259"}],"curies":[{"name":"wp","href":"https:\/\/api.w.org\/{rel}","templated":true}]}}