{"id":16433,"date":"2022-12-12T14:27:52","date_gmt":"2022-12-12T12:27:52","guid":{"rendered":"https:\/\/rubi5.com\/?post_type=product&#038;p=16433"},"modified":"2026-01-22T04:35:15","modified_gmt":"2026-01-22T02:35:15","slug":"carpeta-vimaz","status":"publish","type":"product","link":"https:\/\/rubi5.com\/staging\/carpeta-vimaz\/","title":{"rendered":"Carpeta Vimaz"},"content":{"rendered":"","protected":false},"excerpt":{"rendered":"<p>Carpeta con original cierre el\u00e1stico en resistente cart\u00f3n reciclado de acabado r\u00edgido con costuras de refuerzo. Interior con bloc extra\u00edble de 20 hojas con distribuci\u00f3n a una raya, bolsillo triangular de solapa y soporte para bol\u00edgrafo.<\/p>\n","protected":false},"featured_media":62302,"template":"","meta":{"_acf_changed":false},"product_brand":[],"product_cat":[941,252,33],"product_tag":[],"class_list":{"0":"post-16433","1":"product","2":"type-product","3":"status-publish","4":"has-post-thumbnail","6":"product_cat-carpetas-corporativas","7":"product_cat-carpetas-personalizadas","8":"product_cat-oficina","10":"first","11":"instock","12":"taxable","13":"shipping-taxable","14":"purchasable","15":"product-type-variable"},"acf":[],"_links":{"self":[{"href":"https:\/\/rubi5.com\/staging\/wp-json\/wp\/v2\/product\/16433","targetHints":{"allow":["GET"]}}],"collection":[{"href":"https:\/\/rubi5.com\/staging\/wp-json\/wp\/v2\/product"}],"about":[{"href":"https:\/\/rubi5.com\/staging\/wp-json\/wp\/v2\/types\/product"}],"version-history":[{"count":2,"href":"https:\/\/rubi5.com\/staging\/wp-json\/wp\/v2\/product\/16433\/revisions"}],"predecessor-version":[{"id":35051,"href":"https:\/\/rubi5.com\/staging\/wp-json\/wp\/v2\/product\/16433\/revisions\/35051"}],"wp:featuredmedia":[{"embeddable":true,"href":"https:\/\/rubi5.com\/staging\/wp-json\/wp\/v2\/media\/62302"}],"wp:attachment":[{"href":"https:\/\/rubi5.com\/staging\/wp-json\/wp\/v2\/media?parent=16433"}],"wp:term":[{"taxonomy":"product_brand","embeddable":true,"href":"https:\/\/rubi5.com\/staging\/wp-json\/wp\/v2\/product_brand?post=16433"},{"taxonomy":"product_cat","embeddable":true,"href":"https:\/\/rubi5.com\/staging\/wp-json\/wp\/v2\/product_cat?post=16433"},{"taxonomy":"product_tag","embeddable":true,"href":"https:\/\/rubi5.com\/staging\/wp-json\/wp\/v2\/product_tag?post=16433"}],"curies":[{"name":"wp","href":"https:\/\/api.w.org\/{rel}","templated":true}]}}