{"id":16626,"date":"2022-12-13T09:03:01","date_gmt":"2022-12-13T07:03:01","guid":{"rendered":"https:\/\/rubi5.com\/?post_type=product&#038;p=16626"},"modified":"2026-01-22T04:35:15","modified_gmt":"2026-01-22T02:35:15","slug":"lanyard-kunel","status":"publish","type":"product","link":"https:\/\/rubi5.com\/staging\/lanyard-kunel\/","title":{"rendered":"Lanyard Kunel"},"content":{"rendered":"","protected":false},"excerpt":{"rendered":"<p>Lanyard en resistente poli\u00e9ster con hebilla multifunci\u00f3n y gancho met\u00e1lico. Disponible en variada gama de colores.<\/p>\n","protected":false},"featured_media":16698,"template":"","meta":{"_acf_changed":false},"product_brand":[],"product_cat":[946,54,256],"product_tag":[],"class_list":{"0":"post-16626","1":"product","2":"type-product","3":"status-publish","4":"has-post-thumbnail","6":"product_cat-accesorios-para-eventos","7":"product_cat-eventos","8":"product_cat-lanyards-personalizados","10":"first","11":"instock","12":"taxable","13":"shipping-taxable","14":"purchasable","15":"product-type-variable"},"acf":[],"_links":{"self":[{"href":"https:\/\/rubi5.com\/staging\/wp-json\/wp\/v2\/product\/16626","targetHints":{"allow":["GET"]}}],"collection":[{"href":"https:\/\/rubi5.com\/staging\/wp-json\/wp\/v2\/product"}],"about":[{"href":"https:\/\/rubi5.com\/staging\/wp-json\/wp\/v2\/types\/product"}],"version-history":[{"count":1,"href":"https:\/\/rubi5.com\/staging\/wp-json\/wp\/v2\/product\/16626\/revisions"}],"predecessor-version":[{"id":16692,"href":"https:\/\/rubi5.com\/staging\/wp-json\/wp\/v2\/product\/16626\/revisions\/16692"}],"wp:featuredmedia":[{"embeddable":true,"href":"https:\/\/rubi5.com\/staging\/wp-json\/wp\/v2\/media\/16698"}],"wp:attachment":[{"href":"https:\/\/rubi5.com\/staging\/wp-json\/wp\/v2\/media?parent=16626"}],"wp:term":[{"taxonomy":"product_brand","embeddable":true,"href":"https:\/\/rubi5.com\/staging\/wp-json\/wp\/v2\/product_brand?post=16626"},{"taxonomy":"product_cat","embeddable":true,"href":"https:\/\/rubi5.com\/staging\/wp-json\/wp\/v2\/product_cat?post=16626"},{"taxonomy":"product_tag","embeddable":true,"href":"https:\/\/rubi5.com\/staging\/wp-json\/wp\/v2\/product_tag?post=16626"}],"curies":[{"name":"wp","href":"https:\/\/api.w.org\/{rel}","templated":true}]}}