{"id":16682,"date":"2022-12-13T09:03:53","date_gmt":"2022-12-13T07:03:53","guid":{"rendered":"https:\/\/rubi5.com\/?post_type=product&#038;p=16682"},"modified":"2026-01-22T04:35:15","modified_gmt":"2026-01-22T02:35:15","slug":"identificador-semillas-binem","status":"publish","type":"product","link":"https:\/\/rubi5.com\/staging\/identificador-semillas-binem\/","title":{"rendered":"Identificador Semillas Binem"},"content":{"rendered":"","protected":false},"excerpt":{"rendered":"<p>Identificador en cart\u00f3n reciclado. Incluye tarjeta con semillas de flores silvestres, convirti\u00e9ndolo as\u00ed en papel plantable al final de su vida \u00fatil. Flores silvestres en colores surtidos, con instrucciones de plantado en el interior y distintivo Made in Europe.<\/p>\n","protected":false},"featured_media":16729,"template":"","meta":{"_acf_changed":false},"product_brand":[],"product_cat":[946,54,257,980,963],"product_tag":[],"class_list":{"0":"post-16682","1":"product","2":"type-product","3":"status-publish","4":"has-post-thumbnail","6":"product_cat-accesorios-para-eventos","7":"product_cat-eventos","8":"product_cat-identificadores-personalizados","9":"product_cat-mas-regalos","10":"product_cat-regalos-con-semillas","12":"first","13":"instock","14":"taxable","15":"shipping-taxable","16":"purchasable","17":"product-type-variable"},"acf":[],"_links":{"self":[{"href":"https:\/\/rubi5.com\/staging\/wp-json\/wp\/v2\/product\/16682","targetHints":{"allow":["GET"]}}],"collection":[{"href":"https:\/\/rubi5.com\/staging\/wp-json\/wp\/v2\/product"}],"about":[{"href":"https:\/\/rubi5.com\/staging\/wp-json\/wp\/v2\/types\/product"}],"version-history":[{"count":1,"href":"https:\/\/rubi5.com\/staging\/wp-json\/wp\/v2\/product\/16682\/revisions"}],"predecessor-version":[{"id":16736,"href":"https:\/\/rubi5.com\/staging\/wp-json\/wp\/v2\/product\/16682\/revisions\/16736"}],"wp:featuredmedia":[{"embeddable":true,"href":"https:\/\/rubi5.com\/staging\/wp-json\/wp\/v2\/media\/16729"}],"wp:attachment":[{"href":"https:\/\/rubi5.com\/staging\/wp-json\/wp\/v2\/media?parent=16682"}],"wp:term":[{"taxonomy":"product_brand","embeddable":true,"href":"https:\/\/rubi5.com\/staging\/wp-json\/wp\/v2\/product_brand?post=16682"},{"taxonomy":"product_cat","embeddable":true,"href":"https:\/\/rubi5.com\/staging\/wp-json\/wp\/v2\/product_cat?post=16682"},{"taxonomy":"product_tag","embeddable":true,"href":"https:\/\/rubi5.com\/staging\/wp-json\/wp\/v2\/product_tag?post=16682"}],"curies":[{"name":"wp","href":"https:\/\/api.w.org\/{rel}","templated":true}]}}