{"id":16745,"date":"2022-12-13T09:04:48","date_gmt":"2022-12-13T07:04:48","guid":{"rendered":"https:\/\/rubi5.com\/?post_type=product&#038;p=16745"},"modified":"2026-01-22T04:34:00","modified_gmt":"2026-01-22T02:34:00","slug":"portacreditaciones-napper","status":"publish","type":"product","link":"https:\/\/rubi5.com\/staging\/portacreditaciones-napper\/","title":{"rendered":"Portacreditaciones Napper"},"content":{"rendered":"","protected":false},"excerpt":{"rendered":"<p>Porta acreditaciones extensible de sobrio dise\u00f1o, con accesorio de cierre de bot\u00f3n para colgar la acreditaci\u00f3n y con mecanismo extensible de hasta 75 cm. Con mosquet\u00f3n de enganche met\u00e1lico y amplia superficie de marcaje<\/p>\n","protected":false},"featured_media":16797,"template":"","meta":{"_acf_changed":false},"product_brand":[],"product_cat":[946,54,257],"product_tag":[],"class_list":{"0":"post-16745","1":"product","2":"type-product","3":"status-publish","4":"has-post-thumbnail","6":"product_cat-accesorios-para-eventos","7":"product_cat-eventos","8":"product_cat-identificadores-personalizados","10":"first","11":"instock","12":"taxable","13":"shipping-taxable","14":"product-type-variable"},"acf":[],"_links":{"self":[{"href":"https:\/\/rubi5.com\/staging\/wp-json\/wp\/v2\/product\/16745","targetHints":{"allow":["GET"]}}],"collection":[{"href":"https:\/\/rubi5.com\/staging\/wp-json\/wp\/v2\/product"}],"about":[{"href":"https:\/\/rubi5.com\/staging\/wp-json\/wp\/v2\/types\/product"}],"version-history":[{"count":1,"href":"https:\/\/rubi5.com\/staging\/wp-json\/wp\/v2\/product\/16745\/revisions"}],"predecessor-version":[{"id":16799,"href":"https:\/\/rubi5.com\/staging\/wp-json\/wp\/v2\/product\/16745\/revisions\/16799"}],"wp:featuredmedia":[{"embeddable":true,"href":"https:\/\/rubi5.com\/staging\/wp-json\/wp\/v2\/media\/16797"}],"wp:attachment":[{"href":"https:\/\/rubi5.com\/staging\/wp-json\/wp\/v2\/media?parent=16745"}],"wp:term":[{"taxonomy":"product_brand","embeddable":true,"href":"https:\/\/rubi5.com\/staging\/wp-json\/wp\/v2\/product_brand?post=16745"},{"taxonomy":"product_cat","embeddable":true,"href":"https:\/\/rubi5.com\/staging\/wp-json\/wp\/v2\/product_cat?post=16745"},{"taxonomy":"product_tag","embeddable":true,"href":"https:\/\/rubi5.com\/staging\/wp-json\/wp\/v2\/product_tag?post=16745"}],"curies":[{"name":"wp","href":"https:\/\/api.w.org\/{rel}","templated":true}]}}