{"id":16881,"date":"2022-12-13T09:22:49","date_gmt":"2022-12-13T07:22:49","guid":{"rendered":"https:\/\/rubi5.com\/?post_type=product&#038;p=16881"},"modified":"2026-01-22T04:35:15","modified_gmt":"2026-01-22T02:35:15","slug":"calendario-perpetuo-gadner","status":"publish","type":"product","link":"https:\/\/rubi5.com\/staging\/calendario-perpetuo-gadner\/","title":{"rendered":"Calendario Perpetuo Gadner"},"content":{"rendered":"","protected":false},"excerpt":{"rendered":"<p>Calendario perpetuo ecol\u00f3gico. Ya no tendr\u00e1s que cambiar de calendario cada a\u00f1o, lo que ser\u00e1 beneficioso con el medio ambiente. Fabricado en cart\u00f3n reciclado, con anillas en color negro. Tipograf\u00eda de f\u00e1cil lectura y amplia superficie de impresi\u00f3n en la parte inferior para grabar el logo de tu empresa.<\/p>\n<p>Con este calendario publicitario, tendr\u00e1s un regalo ecol\u00f3gico que dure en la mesa de tus empleados m\u00e1s que cualquier otro calendario. Podr\u00e1n usarlo cuantos a\u00f1os quieran y tener tu marca siempre delante de ellos. Reg\u00e1lalo tambi\u00e9n a tus clientes para que te tengan siempre con ellos mientras trabajan. No hay mejor forma de hacer que recuerden tu marca.<\/p>\n","protected":false},"featured_media":16930,"template":"","meta":{"_acf_changed":false},"product_brand":[],"product_cat":[945,260,33],"product_tag":[],"class_list":{"0":"post-16881","1":"product","2":"type-product","3":"status-publish","4":"has-post-thumbnail","6":"product_cat-calendarios-ecologicos","7":"product_cat-calendarios-personalizados","8":"product_cat-oficina","10":"first","11":"instock","12":"taxable","13":"shipping-taxable","14":"purchasable","15":"product-type-variable"},"acf":[],"_links":{"self":[{"href":"https:\/\/rubi5.com\/staging\/wp-json\/wp\/v2\/product\/16881","targetHints":{"allow":["GET"]}}],"collection":[{"href":"https:\/\/rubi5.com\/staging\/wp-json\/wp\/v2\/product"}],"about":[{"href":"https:\/\/rubi5.com\/staging\/wp-json\/wp\/v2\/types\/product"}],"version-history":[{"count":3,"href":"https:\/\/rubi5.com\/staging\/wp-json\/wp\/v2\/product\/16881\/revisions"}],"predecessor-version":[{"id":56404,"href":"https:\/\/rubi5.com\/staging\/wp-json\/wp\/v2\/product\/16881\/revisions\/56404"}],"wp:featuredmedia":[{"embeddable":true,"href":"https:\/\/rubi5.com\/staging\/wp-json\/wp\/v2\/media\/16930"}],"wp:attachment":[{"href":"https:\/\/rubi5.com\/staging\/wp-json\/wp\/v2\/media?parent=16881"}],"wp:term":[{"taxonomy":"product_brand","embeddable":true,"href":"https:\/\/rubi5.com\/staging\/wp-json\/wp\/v2\/product_brand?post=16881"},{"taxonomy":"product_cat","embeddable":true,"href":"https:\/\/rubi5.com\/staging\/wp-json\/wp\/v2\/product_cat?post=16881"},{"taxonomy":"product_tag","embeddable":true,"href":"https:\/\/rubi5.com\/staging\/wp-json\/wp\/v2\/product_tag?post=16881"}],"curies":[{"name":"wp","href":"https:\/\/api.w.org\/{rel}","templated":true}]}}