{"id":16952,"date":"2022-12-13T09:53:53","date_gmt":"2022-12-13T07:53:53","guid":{"rendered":"https:\/\/rubi5.com\/?post_type=product&#038;p=16952"},"modified":"2026-01-22T04:35:15","modified_gmt":"2026-01-22T02:35:15","slug":"estuche-celes","status":"publish","type":"product","link":"https:\/\/rubi5.com\/staging\/estuche-celes\/","title":{"rendered":"Estuche Celes"},"content":{"rendered":"","protected":false},"excerpt":{"rendered":"<p>Cl\u00e1sico estuche de cremallera y dise\u00f1o cil\u00edndrico en resistente poli\u00e9ster 600D. Con pr\u00e1ctica asa de transporte y cremallera a juego.<\/p>\n","protected":false},"featured_media":62304,"template":"","meta":{"_acf_changed":false},"product_brand":[],"product_cat":[958,261,33],"product_tag":[],"class_list":{"0":"post-16952","1":"product","2":"type-product","3":"status-publish","4":"has-post-thumbnail","6":"product_cat-estuches-personalizados","7":"product_cat-material-de-oficina","8":"product_cat-oficina","10":"first","11":"instock","12":"taxable","13":"shipping-taxable","14":"purchasable","15":"product-type-variable"},"acf":[],"_links":{"self":[{"href":"https:\/\/rubi5.com\/staging\/wp-json\/wp\/v2\/product\/16952","targetHints":{"allow":["GET"]}}],"collection":[{"href":"https:\/\/rubi5.com\/staging\/wp-json\/wp\/v2\/product"}],"about":[{"href":"https:\/\/rubi5.com\/staging\/wp-json\/wp\/v2\/types\/product"}],"version-history":[{"count":1,"href":"https:\/\/rubi5.com\/staging\/wp-json\/wp\/v2\/product\/16952\/revisions"}],"predecessor-version":[{"id":16988,"href":"https:\/\/rubi5.com\/staging\/wp-json\/wp\/v2\/product\/16952\/revisions\/16988"}],"wp:featuredmedia":[{"embeddable":true,"href":"https:\/\/rubi5.com\/staging\/wp-json\/wp\/v2\/media\/62304"}],"wp:attachment":[{"href":"https:\/\/rubi5.com\/staging\/wp-json\/wp\/v2\/media?parent=16952"}],"wp:term":[{"taxonomy":"product_brand","embeddable":true,"href":"https:\/\/rubi5.com\/staging\/wp-json\/wp\/v2\/product_brand?post=16952"},{"taxonomy":"product_cat","embeddable":true,"href":"https:\/\/rubi5.com\/staging\/wp-json\/wp\/v2\/product_cat?post=16952"},{"taxonomy":"product_tag","embeddable":true,"href":"https:\/\/rubi5.com\/staging\/wp-json\/wp\/v2\/product_tag?post=16952"}],"curies":[{"name":"wp","href":"https:\/\/api.w.org\/{rel}","templated":true}]}}