{"id":16960,"date":"2022-12-13T09:53:54","date_gmt":"2022-12-13T07:53:54","guid":{"rendered":"https:\/\/rubi5.com\/?post_type=product&#038;p=16960"},"modified":"2026-01-22T04:35:15","modified_gmt":"2026-01-22T02:35:15","slug":"estuche-migal","status":"publish","type":"product","link":"https:\/\/rubi5.com\/staging\/estuche-migal\/","title":{"rendered":"Estuche Migal"},"content":{"rendered":"","protected":false},"excerpt":{"rendered":"<p>Estuche con cierre de cremallera a juego en poli\u00e9ster 420D, de variados colores y con accesorio mosquet\u00f3n giratorio. Incluye sacapuntas y 8 l\u00e1pices de cuerpo redondo y de acabado brillante en variada gama de colores.<\/p>\n","protected":false},"featured_media":62306,"template":"","meta":{"_acf_changed":false},"product_brand":[],"product_cat":[958,261,33],"product_tag":[],"class_list":{"0":"post-16960","1":"product","2":"type-product","3":"status-publish","4":"has-post-thumbnail","6":"product_cat-estuches-personalizados","7":"product_cat-material-de-oficina","8":"product_cat-oficina","10":"first","11":"instock","12":"taxable","13":"shipping-taxable","14":"purchasable","15":"product-type-variable"},"acf":[],"_links":{"self":[{"href":"https:\/\/rubi5.com\/staging\/wp-json\/wp\/v2\/product\/16960","targetHints":{"allow":["GET"]}}],"collection":[{"href":"https:\/\/rubi5.com\/staging\/wp-json\/wp\/v2\/product"}],"about":[{"href":"https:\/\/rubi5.com\/staging\/wp-json\/wp\/v2\/types\/product"}],"version-history":[{"count":1,"href":"https:\/\/rubi5.com\/staging\/wp-json\/wp\/v2\/product\/16960\/revisions"}],"predecessor-version":[{"id":17004,"href":"https:\/\/rubi5.com\/staging\/wp-json\/wp\/v2\/product\/16960\/revisions\/17004"}],"wp:featuredmedia":[{"embeddable":true,"href":"https:\/\/rubi5.com\/staging\/wp-json\/wp\/v2\/media\/62306"}],"wp:attachment":[{"href":"https:\/\/rubi5.com\/staging\/wp-json\/wp\/v2\/media?parent=16960"}],"wp:term":[{"taxonomy":"product_brand","embeddable":true,"href":"https:\/\/rubi5.com\/staging\/wp-json\/wp\/v2\/product_brand?post=16960"},{"taxonomy":"product_cat","embeddable":true,"href":"https:\/\/rubi5.com\/staging\/wp-json\/wp\/v2\/product_cat?post=16960"},{"taxonomy":"product_tag","embeddable":true,"href":"https:\/\/rubi5.com\/staging\/wp-json\/wp\/v2\/product_tag?post=16960"}],"curies":[{"name":"wp","href":"https:\/\/api.w.org\/{rel}","templated":true}]}}