{"id":16972,"date":"2022-12-13T09:53:54","date_gmt":"2022-12-13T07:53:54","guid":{"rendered":"https:\/\/rubi5.com\/?post_type=product&#038;p=16972"},"modified":"2026-01-22T04:33:56","modified_gmt":"2026-01-22T02:33:56","slug":"estuche-kinsy","status":"publish","type":"product","link":"https:\/\/rubi5.com\/staging\/estuche-kinsy\/","title":{"rendered":"Estuche Kinsy"},"content":{"rendered":"","protected":false},"excerpt":{"rendered":"<p>Estuche de l\u00ednea nature en material 100% algod\u00f3n crudo. Con cl\u00e1sico dise\u00f1o cil\u00edndrico, cremallera a juego y pr\u00e1cticas asas para f\u00e1cil apertura.<\/p>\n","protected":false},"featured_media":17030,"template":"","meta":{"_acf_changed":false},"product_brand":[],"product_cat":[958,261,33],"product_tag":[],"class_list":{"0":"post-16972","1":"product","2":"type-product","3":"status-publish","4":"has-post-thumbnail","6":"product_cat-estuches-personalizados","7":"product_cat-material-de-oficina","8":"product_cat-oficina","10":"first","11":"instock","12":"taxable","13":"shipping-taxable","14":"product-type-variable"},"acf":[],"_links":{"self":[{"href":"https:\/\/rubi5.com\/staging\/wp-json\/wp\/v2\/product\/16972","targetHints":{"allow":["GET"]}}],"collection":[{"href":"https:\/\/rubi5.com\/staging\/wp-json\/wp\/v2\/product"}],"about":[{"href":"https:\/\/rubi5.com\/staging\/wp-json\/wp\/v2\/types\/product"}],"version-history":[{"count":1,"href":"https:\/\/rubi5.com\/staging\/wp-json\/wp\/v2\/product\/16972\/revisions"}],"predecessor-version":[{"id":17033,"href":"https:\/\/rubi5.com\/staging\/wp-json\/wp\/v2\/product\/16972\/revisions\/17033"}],"wp:featuredmedia":[{"embeddable":true,"href":"https:\/\/rubi5.com\/staging\/wp-json\/wp\/v2\/media\/17030"}],"wp:attachment":[{"href":"https:\/\/rubi5.com\/staging\/wp-json\/wp\/v2\/media?parent=16972"}],"wp:term":[{"taxonomy":"product_brand","embeddable":true,"href":"https:\/\/rubi5.com\/staging\/wp-json\/wp\/v2\/product_brand?post=16972"},{"taxonomy":"product_cat","embeddable":true,"href":"https:\/\/rubi5.com\/staging\/wp-json\/wp\/v2\/product_cat?post=16972"},{"taxonomy":"product_tag","embeddable":true,"href":"https:\/\/rubi5.com\/staging\/wp-json\/wp\/v2\/product_tag?post=16972"}],"curies":[{"name":"wp","href":"https:\/\/api.w.org\/{rel}","templated":true}]}}