{"id":16974,"date":"2022-12-13T09:53:54","date_gmt":"2022-12-13T07:53:54","guid":{"rendered":"https:\/\/rubi5.com\/?post_type=product&#038;p=16974"},"modified":"2026-01-22T04:35:15","modified_gmt":"2026-01-22T02:35:15","slug":"estuche-marfik","status":"publish","type":"product","link":"https:\/\/rubi5.com\/staging\/estuche-marfik\/","title":{"rendered":"Estuche Marfik"},"content":{"rendered":"","protected":false},"excerpt":{"rendered":"<p>Pr\u00e1ctico estuche de l\u00ednea nature. De tama\u00f1o compacto en combinaci\u00f3n de materiales yute y algod\u00f3n. Con cierre de cremallera y hojita para publicidad en tirador.<\/p>\n","protected":false},"featured_media":62305,"template":"","meta":{"_acf_changed":false},"product_brand":[],"product_cat":[958,261,33],"product_tag":[],"class_list":{"0":"post-16974","1":"product","2":"type-product","3":"status-publish","4":"has-post-thumbnail","6":"product_cat-estuches-personalizados","7":"product_cat-material-de-oficina","8":"product_cat-oficina","10":"first","11":"instock","12":"taxable","13":"shipping-taxable","14":"purchasable","15":"product-type-variable"},"acf":[],"_links":{"self":[{"href":"https:\/\/rubi5.com\/staging\/wp-json\/wp\/v2\/product\/16974","targetHints":{"allow":["GET"]}}],"collection":[{"href":"https:\/\/rubi5.com\/staging\/wp-json\/wp\/v2\/product"}],"about":[{"href":"https:\/\/rubi5.com\/staging\/wp-json\/wp\/v2\/types\/product"}],"version-history":[{"count":2,"href":"https:\/\/rubi5.com\/staging\/wp-json\/wp\/v2\/product\/16974\/revisions"}],"predecessor-version":[{"id":62330,"href":"https:\/\/rubi5.com\/staging\/wp-json\/wp\/v2\/product\/16974\/revisions\/62330"}],"wp:featuredmedia":[{"embeddable":true,"href":"https:\/\/rubi5.com\/staging\/wp-json\/wp\/v2\/media\/62305"}],"wp:attachment":[{"href":"https:\/\/rubi5.com\/staging\/wp-json\/wp\/v2\/media?parent=16974"}],"wp:term":[{"taxonomy":"product_brand","embeddable":true,"href":"https:\/\/rubi5.com\/staging\/wp-json\/wp\/v2\/product_brand?post=16974"},{"taxonomy":"product_cat","embeddable":true,"href":"https:\/\/rubi5.com\/staging\/wp-json\/wp\/v2\/product_cat?post=16974"},{"taxonomy":"product_tag","embeddable":true,"href":"https:\/\/rubi5.com\/staging\/wp-json\/wp\/v2\/product_tag?post=16974"}],"curies":[{"name":"wp","href":"https:\/\/api.w.org\/{rel}","templated":true}]}}