{"id":16976,"date":"2022-12-13T09:53:54","date_gmt":"2022-12-13T07:53:54","guid":{"rendered":"https:\/\/rubi5.com\/?post_type=product&#038;p=16976"},"modified":"2026-01-22T04:33:57","modified_gmt":"2026-01-22T02:33:57","slug":"estuche-reiton","status":"publish","type":"product","link":"https:\/\/rubi5.com\/staging\/estuche-reiton\/","title":{"rendered":"Estuche Reiton"},"content":{"rendered":"","protected":false},"excerpt":{"rendered":"<p>Estuche de l\u00ednea nature en combinaci\u00f3n de corcho natural y algod\u00f3n crudo. Con cierre de cremallera y tirador en algod\u00f3n a juego. Presentaci\u00f3n individual en bolsa de material reciclado.<\/p>\n","protected":false},"featured_media":62150,"template":"","meta":{"_acf_changed":false},"product_brand":[],"product_cat":[958,261,33],"product_tag":[],"class_list":{"0":"post-16976","1":"product","2":"type-product","3":"status-publish","4":"has-post-thumbnail","6":"product_cat-estuches-personalizados","7":"product_cat-material-de-oficina","8":"product_cat-oficina","10":"first","11":"instock","12":"taxable","13":"shipping-taxable","14":"purchasable","15":"product-type-simple"},"acf":[],"_links":{"self":[{"href":"https:\/\/rubi5.com\/staging\/wp-json\/wp\/v2\/product\/16976","targetHints":{"allow":["GET"]}}],"collection":[{"href":"https:\/\/rubi5.com\/staging\/wp-json\/wp\/v2\/product"}],"about":[{"href":"https:\/\/rubi5.com\/staging\/wp-json\/wp\/v2\/types\/product"}],"version-history":[{"count":2,"href":"https:\/\/rubi5.com\/staging\/wp-json\/wp\/v2\/product\/16976\/revisions"}],"predecessor-version":[{"id":61203,"href":"https:\/\/rubi5.com\/staging\/wp-json\/wp\/v2\/product\/16976\/revisions\/61203"}],"wp:featuredmedia":[{"embeddable":true,"href":"https:\/\/rubi5.com\/staging\/wp-json\/wp\/v2\/media\/62150"}],"wp:attachment":[{"href":"https:\/\/rubi5.com\/staging\/wp-json\/wp\/v2\/media?parent=16976"}],"wp:term":[{"taxonomy":"product_brand","embeddable":true,"href":"https:\/\/rubi5.com\/staging\/wp-json\/wp\/v2\/product_brand?post=16976"},{"taxonomy":"product_cat","embeddable":true,"href":"https:\/\/rubi5.com\/staging\/wp-json\/wp\/v2\/product_cat?post=16976"},{"taxonomy":"product_tag","embeddable":true,"href":"https:\/\/rubi5.com\/staging\/wp-json\/wp\/v2\/product_tag?post=16976"}],"curies":[{"name":"wp","href":"https:\/\/api.w.org\/{rel}","templated":true}]}}