{"id":17018,"date":"2022-12-13T09:54:41","date_gmt":"2022-12-13T07:54:41","guid":{"rendered":"https:\/\/rubi5.com\/?post_type=product&#038;p=17018"},"modified":"2026-01-22T04:35:14","modified_gmt":"2026-01-22T02:35:14","slug":"regla-marcapaginas-blasco","status":"publish","type":"product","link":"https:\/\/rubi5.com\/staging\/regla-marcapaginas-blasco\/","title":{"rendered":"Regla Marcap\u00e1ginas Blasco"},"content":{"rendered":"","protected":false},"excerpt":{"rendered":"<p>Regla marcap\u00e1ginas de l\u00ednea nature. En cart\u00f3n reciclado y con amplia superficie de marcaje. Incluye 15 notas adhesivas medianas y 75 mini notas ahesivas<\/p>\n","protected":false},"featured_media":62138,"template":"","meta":{"_acf_changed":false},"product_brand":[],"product_cat":[959,261,33],"product_tag":[],"class_list":{"0":"post-17018","1":"product","2":"type-product","3":"status-publish","4":"has-post-thumbnail","6":"product_cat-articulos-de-papeleria","7":"product_cat-material-de-oficina","8":"product_cat-oficina","10":"first","11":"instock","12":"taxable","13":"shipping-taxable","14":"purchasable","15":"product-type-variable","16":"has-default-attributes"},"acf":[],"_links":{"self":[{"href":"https:\/\/rubi5.com\/staging\/wp-json\/wp\/v2\/product\/17018","targetHints":{"allow":["GET"]}}],"collection":[{"href":"https:\/\/rubi5.com\/staging\/wp-json\/wp\/v2\/product"}],"about":[{"href":"https:\/\/rubi5.com\/staging\/wp-json\/wp\/v2\/types\/product"}],"version-history":[{"count":1,"href":"https:\/\/rubi5.com\/staging\/wp-json\/wp\/v2\/product\/17018\/revisions"}],"predecessor-version":[{"id":17078,"href":"https:\/\/rubi5.com\/staging\/wp-json\/wp\/v2\/product\/17018\/revisions\/17078"}],"wp:featuredmedia":[{"embeddable":true,"href":"https:\/\/rubi5.com\/staging\/wp-json\/wp\/v2\/media\/62138"}],"wp:attachment":[{"href":"https:\/\/rubi5.com\/staging\/wp-json\/wp\/v2\/media?parent=17018"}],"wp:term":[{"taxonomy":"product_brand","embeddable":true,"href":"https:\/\/rubi5.com\/staging\/wp-json\/wp\/v2\/product_brand?post=17018"},{"taxonomy":"product_cat","embeddable":true,"href":"https:\/\/rubi5.com\/staging\/wp-json\/wp\/v2\/product_cat?post=17018"},{"taxonomy":"product_tag","embeddable":true,"href":"https:\/\/rubi5.com\/staging\/wp-json\/wp\/v2\/product_tag?post=17018"}],"curies":[{"name":"wp","href":"https:\/\/api.w.org\/{rel}","templated":true}]}}