{"id":19015,"date":"2022-12-13T14:59:27","date_gmt":"2022-12-13T12:59:27","guid":{"rendered":"https:\/\/rubi5.com\/?post_type=product&#038;p=19015"},"modified":"2026-01-22T04:35:14","modified_gmt":"2026-01-22T02:35:14","slug":"miniboligrafo-hall","status":"publish","type":"product","link":"https:\/\/rubi5.com\/staging\/miniboligrafo-hall\/","title":{"rendered":"Minibol\u00edgrafo Hall"},"content":{"rendered":"","protected":false},"excerpt":{"rendered":"<p>Mini bol\u00edgrafo de mecanismo giratorio en llamativos colores s\u00f3lidos. Con original clip de gran tama\u00f1o y anilla central en color plateado. Tinta azul.<\/p>\n","protected":false},"featured_media":62244,"template":"","meta":{"_acf_changed":false},"product_brand":[],"product_cat":[723,317,43],"product_tag":[],"class_list":{"0":"post-19015","1":"product","2":"type-product","3":"status-publish","4":"has-post-thumbnail","6":"product_cat-boligrafos-baratos","7":"product_cat-boligrafos-personalizados","8":"product_cat-escritura","10":"first","11":"instock","12":"taxable","13":"shipping-taxable","14":"purchasable","15":"product-type-variable"},"acf":[],"_links":{"self":[{"href":"https:\/\/rubi5.com\/staging\/wp-json\/wp\/v2\/product\/19015","targetHints":{"allow":["GET"]}}],"collection":[{"href":"https:\/\/rubi5.com\/staging\/wp-json\/wp\/v2\/product"}],"about":[{"href":"https:\/\/rubi5.com\/staging\/wp-json\/wp\/v2\/types\/product"}],"version-history":[{"count":1,"href":"https:\/\/rubi5.com\/staging\/wp-json\/wp\/v2\/product\/19015\/revisions"}],"predecessor-version":[{"id":19048,"href":"https:\/\/rubi5.com\/staging\/wp-json\/wp\/v2\/product\/19015\/revisions\/19048"}],"wp:featuredmedia":[{"embeddable":true,"href":"https:\/\/rubi5.com\/staging\/wp-json\/wp\/v2\/media\/62244"}],"wp:attachment":[{"href":"https:\/\/rubi5.com\/staging\/wp-json\/wp\/v2\/media?parent=19015"}],"wp:term":[{"taxonomy":"product_brand","embeddable":true,"href":"https:\/\/rubi5.com\/staging\/wp-json\/wp\/v2\/product_brand?post=19015"},{"taxonomy":"product_cat","embeddable":true,"href":"https:\/\/rubi5.com\/staging\/wp-json\/wp\/v2\/product_cat?post=19015"},{"taxonomy":"product_tag","embeddable":true,"href":"https:\/\/rubi5.com\/staging\/wp-json\/wp\/v2\/product_tag?post=19015"}],"curies":[{"name":"wp","href":"https:\/\/api.w.org\/{rel}","templated":true}]}}