{"id":19038,"date":"2022-12-13T14:59:29","date_gmt":"2022-12-13T12:59:29","guid":{"rendered":"https:\/\/rubi5.com\/?post_type=product&#038;p=19038"},"modified":"2026-01-22T04:35:14","modified_gmt":"2026-01-22T02:35:14","slug":"boligrafo-puntero-sagur","status":"publish","type":"product","link":"https:\/\/rubi5.com\/staging\/boligrafo-puntero-sagur\/","title":{"rendered":"Bol\u00edgrafo Puntero Sagur"},"content":{"rendered":"","protected":false},"excerpt":{"rendered":"<p>\ud83d\udd8b\ufe0f Bol\u00edgrafo personalizado con puntero de mecanismo giratorio y con dise\u00f1o elegante bicolor.<\/p>\n<p>Cuenta con accesorios en color plateado brillante y cuerpo suave acabado en llamativos colores metalizados.<\/p>\n<p>Dispone de clip met\u00e1lico, anilla a juego y empu\u00f1adura de original dise\u00f1o (tinta azul).<\/p>\n<p><strong>Un bol\u00edgrafo promocional \u00f3ptimo para regalar en fechas se\u00f1aladas.<\/strong><\/p>\n","protected":false},"featured_media":59714,"template":"","meta":{"_acf_changed":false},"product_brand":[],"product_cat":[723,317,43],"product_tag":[],"class_list":{"0":"post-19038","1":"product","2":"type-product","3":"status-publish","4":"has-post-thumbnail","6":"product_cat-boligrafos-baratos","7":"product_cat-boligrafos-personalizados","8":"product_cat-escritura","10":"first","11":"instock","12":"taxable","13":"shipping-taxable","14":"purchasable","15":"product-type-variable"},"acf":[],"_links":{"self":[{"href":"https:\/\/rubi5.com\/staging\/wp-json\/wp\/v2\/product\/19038","targetHints":{"allow":["GET"]}}],"collection":[{"href":"https:\/\/rubi5.com\/staging\/wp-json\/wp\/v2\/product"}],"about":[{"href":"https:\/\/rubi5.com\/staging\/wp-json\/wp\/v2\/types\/product"}],"version-history":[{"count":6,"href":"https:\/\/rubi5.com\/staging\/wp-json\/wp\/v2\/product\/19038\/revisions"}],"predecessor-version":[{"id":64635,"href":"https:\/\/rubi5.com\/staging\/wp-json\/wp\/v2\/product\/19038\/revisions\/64635"}],"wp:featuredmedia":[{"embeddable":true,"href":"https:\/\/rubi5.com\/staging\/wp-json\/wp\/v2\/media\/59714"}],"wp:attachment":[{"href":"https:\/\/rubi5.com\/staging\/wp-json\/wp\/v2\/media?parent=19038"}],"wp:term":[{"taxonomy":"product_brand","embeddable":true,"href":"https:\/\/rubi5.com\/staging\/wp-json\/wp\/v2\/product_brand?post=19038"},{"taxonomy":"product_cat","embeddable":true,"href":"https:\/\/rubi5.com\/staging\/wp-json\/wp\/v2\/product_cat?post=19038"},{"taxonomy":"product_tag","embeddable":true,"href":"https:\/\/rubi5.com\/staging\/wp-json\/wp\/v2\/product_tag?post=19038"}],"curies":[{"name":"wp","href":"https:\/\/api.w.org\/{rel}","templated":true}]}}