{"id":19060,"date":"2022-12-13T14:59:52","date_gmt":"2022-12-13T12:59:52","guid":{"rendered":"https:\/\/rubi5.com\/?post_type=product&#038;p=19060"},"modified":"2026-01-22T04:35:14","modified_gmt":"2026-01-22T02:35:14","slug":"boligrafo-zufer","status":"publish","type":"product","link":"https:\/\/rubi5.com\/staging\/boligrafo-zufer\/","title":{"rendered":"Bol\u00edgrafo Zufer"},"content":{"rendered":"","protected":false},"excerpt":{"rendered":"<p>Cl\u00e1sico bol\u00edgrafo con mecanismo de pulsador, de atrevido dise\u00f1o y cuerpo de color blanco s\u00f3lido en suave acabado. Con c\u00f3moda empu\u00f1adura y clip a juego. Tinta azul.<\/p>\n","protected":false},"featured_media":64370,"template":"","meta":{"_acf_changed":false},"product_brand":[],"product_cat":[723,317,43,1031],"product_tag":[],"class_list":{"0":"post-19060","1":"product","2":"type-product","3":"status-publish","4":"has-post-thumbnail","6":"product_cat-boligrafos-baratos","7":"product_cat-boligrafos-personalizados","8":"product_cat-escritura","9":"product_cat-novedades","11":"first","12":"instock","13":"taxable","14":"shipping-taxable","15":"purchasable","16":"product-type-variable"},"acf":[],"_links":{"self":[{"href":"https:\/\/rubi5.com\/staging\/wp-json\/wp\/v2\/product\/19060","targetHints":{"allow":["GET"]}}],"collection":[{"href":"https:\/\/rubi5.com\/staging\/wp-json\/wp\/v2\/product"}],"about":[{"href":"https:\/\/rubi5.com\/staging\/wp-json\/wp\/v2\/types\/product"}],"version-history":[{"count":1,"href":"https:\/\/rubi5.com\/staging\/wp-json\/wp\/v2\/product\/19060\/revisions"}],"predecessor-version":[{"id":19116,"href":"https:\/\/rubi5.com\/staging\/wp-json\/wp\/v2\/product\/19060\/revisions\/19116"}],"wp:featuredmedia":[{"embeddable":true,"href":"https:\/\/rubi5.com\/staging\/wp-json\/wp\/v2\/media\/64370"}],"wp:attachment":[{"href":"https:\/\/rubi5.com\/staging\/wp-json\/wp\/v2\/media?parent=19060"}],"wp:term":[{"taxonomy":"product_brand","embeddable":true,"href":"https:\/\/rubi5.com\/staging\/wp-json\/wp\/v2\/product_brand?post=19060"},{"taxonomy":"product_cat","embeddable":true,"href":"https:\/\/rubi5.com\/staging\/wp-json\/wp\/v2\/product_cat?post=19060"},{"taxonomy":"product_tag","embeddable":true,"href":"https:\/\/rubi5.com\/staging\/wp-json\/wp\/v2\/product_tag?post=19060"}],"curies":[{"name":"wp","href":"https:\/\/api.w.org\/{rel}","templated":true}]}}