{"id":19098,"date":"2022-12-13T15:00:20","date_gmt":"2022-12-13T13:00:20","guid":{"rendered":"https:\/\/rubi5.com\/?post_type=product&#038;p=19098"},"modified":"2026-01-22T04:35:14","modified_gmt":"2026-01-22T02:35:14","slug":"boligrafo-soporte-finex","status":"publish","type":"product","link":"https:\/\/rubi5.com\/staging\/boligrafo-soporte-finex\/","title":{"rendered":"Bol\u00edgrafo Soporte Finex"},"content":{"rendered":"","protected":false},"excerpt":{"rendered":"<p>Bol\u00edgrafo puntero multifunci\u00f3n de mecanismo pulsador en desenfadados colores y con clip de doble funci\u00f3n especialmente dise\u00f1ado para servir como soporte para dispositivo m\u00f3vil y tambi\u00e9n como limpiador de pantalla. Con cuerpo en acabado metalizado, especialmente dise\u00f1ado para marcaje en tampograf\u00eda y tinta negra.<\/p>\n","protected":false},"featured_media":62888,"template":"","meta":{"_acf_changed":false},"product_brand":[],"product_cat":[723,317,43],"product_tag":[],"class_list":{"0":"post-19098","1":"product","2":"type-product","3":"status-publish","4":"has-post-thumbnail","6":"product_cat-boligrafos-baratos","7":"product_cat-boligrafos-personalizados","8":"product_cat-escritura","10":"first","11":"instock","12":"taxable","13":"shipping-taxable","14":"purchasable","15":"product-type-variable"},"acf":[],"_links":{"self":[{"href":"https:\/\/rubi5.com\/staging\/wp-json\/wp\/v2\/product\/19098","targetHints":{"allow":["GET"]}}],"collection":[{"href":"https:\/\/rubi5.com\/staging\/wp-json\/wp\/v2\/product"}],"about":[{"href":"https:\/\/rubi5.com\/staging\/wp-json\/wp\/v2\/types\/product"}],"version-history":[{"count":1,"href":"https:\/\/rubi5.com\/staging\/wp-json\/wp\/v2\/product\/19098\/revisions"}],"predecessor-version":[{"id":19165,"href":"https:\/\/rubi5.com\/staging\/wp-json\/wp\/v2\/product\/19098\/revisions\/19165"}],"wp:featuredmedia":[{"embeddable":true,"href":"https:\/\/rubi5.com\/staging\/wp-json\/wp\/v2\/media\/62888"}],"wp:attachment":[{"href":"https:\/\/rubi5.com\/staging\/wp-json\/wp\/v2\/media?parent=19098"}],"wp:term":[{"taxonomy":"product_brand","embeddable":true,"href":"https:\/\/rubi5.com\/staging\/wp-json\/wp\/v2\/product_brand?post=19098"},{"taxonomy":"product_cat","embeddable":true,"href":"https:\/\/rubi5.com\/staging\/wp-json\/wp\/v2\/product_cat?post=19098"},{"taxonomy":"product_tag","embeddable":true,"href":"https:\/\/rubi5.com\/staging\/wp-json\/wp\/v2\/product_tag?post=19098"}],"curies":[{"name":"wp","href":"https:\/\/api.w.org\/{rel}","templated":true}]}}