{"id":19125,"date":"2022-12-13T15:00:45","date_gmt":"2022-12-13T13:00:45","guid":{"rendered":"https:\/\/rubi5.com\/?post_type=product&#038;p=19125"},"modified":"2026-01-22T04:35:14","modified_gmt":"2026-01-22T02:35:14","slug":"boligrafo-clexton","status":"publish","type":"product","link":"https:\/\/rubi5.com\/staging\/boligrafo-clexton\/","title":{"rendered":"Bol\u00edgrafo Clexton"},"content":{"rendered":"","protected":false},"excerpt":{"rendered":"<p>\ud83d\udd8b\ufe0f Bol\u00edgrafo personalizado de mecanismo pulsador con atrevido dise\u00f1o bicolor.<\/p>\n<p>Cuenta con accesorios en color plateado y cuerpo en divertidos colores s\u00f3lidos.<\/p>\n<p>Dispone de clip met\u00e1lico troquelado a juego y una c\u00f3moda empu\u00f1adura para facilitar la escritura (Tinta azul).<\/p>\n<p><strong>Un bol\u00edgrafo publicitario econ\u00f3mico para mejorar la promoci\u00f3n de tu empresa.<\/strong><\/p>\n","protected":false},"featured_media":59669,"template":"","meta":{"_acf_changed":false},"product_brand":[],"product_cat":[723,317,43],"product_tag":[],"class_list":{"0":"post-19125","1":"product","2":"type-product","3":"status-publish","4":"has-post-thumbnail","6":"product_cat-boligrafos-baratos","7":"product_cat-boligrafos-personalizados","8":"product_cat-escritura","10":"first","11":"instock","12":"taxable","13":"shipping-taxable","14":"purchasable","15":"product-type-variable"},"acf":[],"_links":{"self":[{"href":"https:\/\/rubi5.com\/staging\/wp-json\/wp\/v2\/product\/19125","targetHints":{"allow":["GET"]}}],"collection":[{"href":"https:\/\/rubi5.com\/staging\/wp-json\/wp\/v2\/product"}],"about":[{"href":"https:\/\/rubi5.com\/staging\/wp-json\/wp\/v2\/types\/product"}],"version-history":[{"count":3,"href":"https:\/\/rubi5.com\/staging\/wp-json\/wp\/v2\/product\/19125\/revisions"}],"predecessor-version":[{"id":59777,"href":"https:\/\/rubi5.com\/staging\/wp-json\/wp\/v2\/product\/19125\/revisions\/59777"}],"wp:featuredmedia":[{"embeddable":true,"href":"https:\/\/rubi5.com\/staging\/wp-json\/wp\/v2\/media\/59669"}],"wp:attachment":[{"href":"https:\/\/rubi5.com\/staging\/wp-json\/wp\/v2\/media?parent=19125"}],"wp:term":[{"taxonomy":"product_brand","embeddable":true,"href":"https:\/\/rubi5.com\/staging\/wp-json\/wp\/v2\/product_brand?post=19125"},{"taxonomy":"product_cat","embeddable":true,"href":"https:\/\/rubi5.com\/staging\/wp-json\/wp\/v2\/product_cat?post=19125"},{"taxonomy":"product_tag","embeddable":true,"href":"https:\/\/rubi5.com\/staging\/wp-json\/wp\/v2\/product_tag?post=19125"}],"curies":[{"name":"wp","href":"https:\/\/api.w.org\/{rel}","templated":true}]}}