{"id":19151,"date":"2022-12-13T15:01:14","date_gmt":"2022-12-13T13:01:14","guid":{"rendered":"https:\/\/rubi5.com\/?post_type=product&#038;p=19151"},"modified":"2026-01-22T04:35:14","modified_gmt":"2026-01-22T02:35:14","slug":"boligrafo-puntero-betsi","status":"publish","type":"product","link":"https:\/\/rubi5.com\/staging\/boligrafo-puntero-betsi\/","title":{"rendered":"Bol\u00edgrafo Puntero Betsi"},"content":{"rendered":"","protected":false},"excerpt":{"rendered":"<p>Bol\u00edgrafo puntero 3 en 1 de mecanismo pulsador retr\u00e1ctil, de actual dise\u00f1o y cuerpo de suave acabado metalizado en vivos colores. Con accesorios en negro y suave empu\u00f1adura ergon\u00f3mica en color negro con anillas a juego. De 3 cartuchos en tintas azul, roja y negra.<\/p>\n","protected":false},"featured_media":62887,"template":"","meta":{"_acf_changed":false},"product_brand":[],"product_cat":[723,317,43],"product_tag":[],"class_list":{"0":"post-19151","1":"product","2":"type-product","3":"status-publish","4":"has-post-thumbnail","6":"product_cat-boligrafos-baratos","7":"product_cat-boligrafos-personalizados","8":"product_cat-escritura","10":"first","11":"instock","12":"taxable","13":"shipping-taxable","14":"purchasable","15":"product-type-variable"},"acf":[],"_links":{"self":[{"href":"https:\/\/rubi5.com\/staging\/wp-json\/wp\/v2\/product\/19151","targetHints":{"allow":["GET"]}}],"collection":[{"href":"https:\/\/rubi5.com\/staging\/wp-json\/wp\/v2\/product"}],"about":[{"href":"https:\/\/rubi5.com\/staging\/wp-json\/wp\/v2\/types\/product"}],"version-history":[{"count":1,"href":"https:\/\/rubi5.com\/staging\/wp-json\/wp\/v2\/product\/19151\/revisions"}],"predecessor-version":[{"id":19211,"href":"https:\/\/rubi5.com\/staging\/wp-json\/wp\/v2\/product\/19151\/revisions\/19211"}],"wp:featuredmedia":[{"embeddable":true,"href":"https:\/\/rubi5.com\/staging\/wp-json\/wp\/v2\/media\/62887"}],"wp:attachment":[{"href":"https:\/\/rubi5.com\/staging\/wp-json\/wp\/v2\/media?parent=19151"}],"wp:term":[{"taxonomy":"product_brand","embeddable":true,"href":"https:\/\/rubi5.com\/staging\/wp-json\/wp\/v2\/product_brand?post=19151"},{"taxonomy":"product_cat","embeddable":true,"href":"https:\/\/rubi5.com\/staging\/wp-json\/wp\/v2\/product_cat?post=19151"},{"taxonomy":"product_tag","embeddable":true,"href":"https:\/\/rubi5.com\/staging\/wp-json\/wp\/v2\/product_tag?post=19151"}],"curies":[{"name":"wp","href":"https:\/\/api.w.org\/{rel}","templated":true}]}}