{"id":19219,"date":"2022-12-13T15:02:24","date_gmt":"2022-12-13T13:02:24","guid":{"rendered":"https:\/\/rubi5.com\/?post_type=product&#038;p=19219"},"modified":"2026-01-21T11:20:47","modified_gmt":"2026-01-21T09:20:47","slug":"boligrafo-tinkin","status":"publish","type":"product","link":"https:\/\/rubi5.com\/staging\/boligrafo-tinkin\/","title":{"rendered":"Bol\u00edgrafo Tinkin"},"content":{"rendered":"","protected":false},"excerpt":{"rendered":"<p>Bol\u00edgrafo de colorido dise\u00f1o bicolor, con cuerpo acabado en color blanco y empu\u00f1adura en variada gama de llamativos colores. De mecanismo pulsador, con detalles cromados, clip met\u00e1lico y tinta azul.<\/p>\n","protected":false},"featured_media":62889,"template":"","meta":{"_acf_changed":false},"product_brand":[],"product_cat":[723,317,43],"product_tag":[],"class_list":{"0":"post-19219","1":"product","2":"type-product","3":"status-publish","4":"has-post-thumbnail","6":"product_cat-boligrafos-baratos","7":"product_cat-boligrafos-personalizados","8":"product_cat-escritura","10":"first","11":"instock","12":"taxable","13":"shipping-taxable","14":"purchasable","15":"product-type-variable"},"acf":[],"_links":{"self":[{"href":"https:\/\/rubi5.com\/staging\/wp-json\/wp\/v2\/product\/19219","targetHints":{"allow":["GET"]}}],"collection":[{"href":"https:\/\/rubi5.com\/staging\/wp-json\/wp\/v2\/product"}],"about":[{"href":"https:\/\/rubi5.com\/staging\/wp-json\/wp\/v2\/types\/product"}],"version-history":[{"count":1,"href":"https:\/\/rubi5.com\/staging\/wp-json\/wp\/v2\/product\/19219\/revisions"}],"predecessor-version":[{"id":19265,"href":"https:\/\/rubi5.com\/staging\/wp-json\/wp\/v2\/product\/19219\/revisions\/19265"}],"wp:featuredmedia":[{"embeddable":true,"href":"https:\/\/rubi5.com\/staging\/wp-json\/wp\/v2\/media\/62889"}],"wp:attachment":[{"href":"https:\/\/rubi5.com\/staging\/wp-json\/wp\/v2\/media?parent=19219"}],"wp:term":[{"taxonomy":"product_brand","embeddable":true,"href":"https:\/\/rubi5.com\/staging\/wp-json\/wp\/v2\/product_brand?post=19219"},{"taxonomy":"product_cat","embeddable":true,"href":"https:\/\/rubi5.com\/staging\/wp-json\/wp\/v2\/product_cat?post=19219"},{"taxonomy":"product_tag","embeddable":true,"href":"https:\/\/rubi5.com\/staging\/wp-json\/wp\/v2\/product_tag?post=19219"}],"curies":[{"name":"wp","href":"https:\/\/api.w.org\/{rel}","templated":true}]}}