{"id":19228,"date":"2022-12-13T15:02:25","date_gmt":"2022-12-13T13:02:25","guid":{"rendered":"https:\/\/rubi5.com\/?post_type=product&#038;p=19228"},"modified":"2026-01-21T11:20:47","modified_gmt":"2026-01-21T09:20:47","slug":"boligrafo-puntero-zeril","status":"publish","type":"product","link":"https:\/\/rubi5.com\/staging\/boligrafo-puntero-zeril\/","title":{"rendered":"Bol\u00edgrafo Puntero Zeril"},"content":{"rendered":"","protected":false},"excerpt":{"rendered":"<p>Bol\u00edgrafo puntero de colorido dise\u00f1o, de apertura giratoria y cuerpo en vivos colores brillantes a juego con la empu\u00f1adura. Con detalles cromados y clip met\u00e1lico. Cartucho jumbo y tinta azul.<\/p>\n","protected":false},"featured_media":62216,"template":"","meta":{"_acf_changed":false},"product_brand":[],"product_cat":[723,317,43],"product_tag":[],"class_list":{"0":"post-19228","1":"product","2":"type-product","3":"status-publish","4":"has-post-thumbnail","6":"product_cat-boligrafos-baratos","7":"product_cat-boligrafos-personalizados","8":"product_cat-escritura","10":"first","11":"instock","12":"taxable","13":"shipping-taxable","14":"purchasable","15":"product-type-variable"},"acf":[],"_links":{"self":[{"href":"https:\/\/rubi5.com\/staging\/wp-json\/wp\/v2\/product\/19228","targetHints":{"allow":["GET"]}}],"collection":[{"href":"https:\/\/rubi5.com\/staging\/wp-json\/wp\/v2\/product"}],"about":[{"href":"https:\/\/rubi5.com\/staging\/wp-json\/wp\/v2\/types\/product"}],"version-history":[{"count":3,"href":"https:\/\/rubi5.com\/staging\/wp-json\/wp\/v2\/product\/19228\/revisions"}],"predecessor-version":[{"id":61352,"href":"https:\/\/rubi5.com\/staging\/wp-json\/wp\/v2\/product\/19228\/revisions\/61352"}],"wp:featuredmedia":[{"embeddable":true,"href":"https:\/\/rubi5.com\/staging\/wp-json\/wp\/v2\/media\/62216"}],"wp:attachment":[{"href":"https:\/\/rubi5.com\/staging\/wp-json\/wp\/v2\/media?parent=19228"}],"wp:term":[{"taxonomy":"product_brand","embeddable":true,"href":"https:\/\/rubi5.com\/staging\/wp-json\/wp\/v2\/product_brand?post=19228"},{"taxonomy":"product_cat","embeddable":true,"href":"https:\/\/rubi5.com\/staging\/wp-json\/wp\/v2\/product_cat?post=19228"},{"taxonomy":"product_tag","embeddable":true,"href":"https:\/\/rubi5.com\/staging\/wp-json\/wp\/v2\/product_tag?post=19228"}],"curies":[{"name":"wp","href":"https:\/\/api.w.org\/{rel}","templated":true}]}}