{"id":19269,"date":"2022-12-13T15:03:10","date_gmt":"2022-12-13T13:03:10","guid":{"rendered":"https:\/\/rubi5.com\/?post_type=product&#038;p=19269"},"modified":"2026-01-22T11:14:32","modified_gmt":"2026-01-22T09:14:32","slug":"roller-kasty","status":"publish","type":"product","link":"https:\/\/rubi5.com\/staging\/roller-kasty\/","title":{"rendered":"Roller Kasty"},"content":{"rendered":"","protected":false},"excerpt":{"rendered":"<p>Innovador roller publicitario que combina funcionalidad con un estilo moderno y llamativo.<\/p>\n<p>Este roller destaca por su elegante dise\u00f1o bicolor, presentando un cuerpo de acabado suave disponible en una variedad de colores vibrantes.<\/p>\n<p>La capucha del roller a\u00f1ade un toque de sofisticaci\u00f3n con su acabado en plata brillante y un detalle transparente que captura la atenci\u00f3n.<\/p>\n<p>Equipado con tinta de gel azul, este roller personalizado no solo escribe con fluidez, sino que tambi\u00e9n se convierte en un elemento distintivo en cualquier escritorio.<\/p>\n<p>El regalo publicitario perfecto para personalizar con tu logo que dejar\u00e1 una impresi\u00f3n duradera en tus clientes.<\/p>\n","protected":false},"featured_media":59397,"template":"","meta":{"_acf_changed":false},"product_brand":[],"product_cat":[317,973,43],"product_tag":[],"class_list":{"0":"post-19269","1":"product","2":"type-product","3":"status-publish","4":"has-post-thumbnail","6":"product_cat-boligrafos-personalizados","7":"product_cat-boligrafos-roller","8":"product_cat-escritura","10":"first","11":"instock","12":"taxable","13":"shipping-taxable","14":"purchasable","15":"product-type-variable"},"acf":[],"_links":{"self":[{"href":"https:\/\/rubi5.com\/staging\/wp-json\/wp\/v2\/product\/19269","targetHints":{"allow":["GET"]}}],"collection":[{"href":"https:\/\/rubi5.com\/staging\/wp-json\/wp\/v2\/product"}],"about":[{"href":"https:\/\/rubi5.com\/staging\/wp-json\/wp\/v2\/types\/product"}],"version-history":[{"count":2,"href":"https:\/\/rubi5.com\/staging\/wp-json\/wp\/v2\/product\/19269\/revisions"}],"predecessor-version":[{"id":59662,"href":"https:\/\/rubi5.com\/staging\/wp-json\/wp\/v2\/product\/19269\/revisions\/59662"}],"wp:featuredmedia":[{"embeddable":true,"href":"https:\/\/rubi5.com\/staging\/wp-json\/wp\/v2\/media\/59397"}],"wp:attachment":[{"href":"https:\/\/rubi5.com\/staging\/wp-json\/wp\/v2\/media?parent=19269"}],"wp:term":[{"taxonomy":"product_brand","embeddable":true,"href":"https:\/\/rubi5.com\/staging\/wp-json\/wp\/v2\/product_brand?post=19269"},{"taxonomy":"product_cat","embeddable":true,"href":"https:\/\/rubi5.com\/staging\/wp-json\/wp\/v2\/product_cat?post=19269"},{"taxonomy":"product_tag","embeddable":true,"href":"https:\/\/rubi5.com\/staging\/wp-json\/wp\/v2\/product_tag?post=19269"}],"curies":[{"name":"wp","href":"https:\/\/api.w.org\/{rel}","templated":true}]}}