{"id":19349,"date":"2022-12-13T15:04:18","date_gmt":"2022-12-13T13:04:18","guid":{"rendered":"https:\/\/rubi5.com\/?post_type=product&#038;p=19349"},"modified":"2026-01-22T11:14:32","modified_gmt":"2026-01-22T09:14:32","slug":"boligrafo-yarden","status":"publish","type":"product","link":"https:\/\/rubi5.com\/staging\/boligrafo-yarden\/","title":{"rendered":"Bol\u00edgrafo Yarden"},"content":{"rendered":"","protected":false},"excerpt":{"rendered":"<p>Bol\u00edgrafo de l\u00ednea nature con mecanismo pulsador. Combinaci\u00f3n de cuerpo en corcho natural y accesorios en ca\u00f1a de trigo y ABS , para as\u00ed fomentar la utilizaci\u00f3n y reciclado de materias primas, reduciendo as\u00ed las emisiones contaminantes. Disponible en variada gama de colores, con tinta azul. Distintivo Wheat Straw en la parte superior del bol\u00edgrafo.<\/p>\n","protected":false},"featured_media":65243,"template":"","meta":{"_acf_changed":false},"product_brand":[],"product_cat":[320,317,43],"product_tag":[],"class_list":{"0":"post-19349","1":"product","2":"type-product","3":"status-publish","4":"has-post-thumbnail","6":"product_cat-boligrafos-ecologicos","7":"product_cat-boligrafos-personalizados","8":"product_cat-escritura","10":"first","11":"instock","12":"taxable","13":"shipping-taxable","14":"purchasable","15":"product-type-variable"},"acf":[],"_links":{"self":[{"href":"https:\/\/rubi5.com\/staging\/wp-json\/wp\/v2\/product\/19349","targetHints":{"allow":["GET"]}}],"collection":[{"href":"https:\/\/rubi5.com\/staging\/wp-json\/wp\/v2\/product"}],"about":[{"href":"https:\/\/rubi5.com\/staging\/wp-json\/wp\/v2\/types\/product"}],"version-history":[{"count":1,"href":"https:\/\/rubi5.com\/staging\/wp-json\/wp\/v2\/product\/19349\/revisions"}],"predecessor-version":[{"id":19416,"href":"https:\/\/rubi5.com\/staging\/wp-json\/wp\/v2\/product\/19349\/revisions\/19416"}],"wp:featuredmedia":[{"embeddable":true,"href":"https:\/\/rubi5.com\/staging\/wp-json\/wp\/v2\/media\/65243"}],"wp:attachment":[{"href":"https:\/\/rubi5.com\/staging\/wp-json\/wp\/v2\/media?parent=19349"}],"wp:term":[{"taxonomy":"product_brand","embeddable":true,"href":"https:\/\/rubi5.com\/staging\/wp-json\/wp\/v2\/product_brand?post=19349"},{"taxonomy":"product_cat","embeddable":true,"href":"https:\/\/rubi5.com\/staging\/wp-json\/wp\/v2\/product_cat?post=19349"},{"taxonomy":"product_tag","embeddable":true,"href":"https:\/\/rubi5.com\/staging\/wp-json\/wp\/v2\/product_tag?post=19349"}],"curies":[{"name":"wp","href":"https:\/\/api.w.org\/{rel}","templated":true}]}}