{"id":19353,"date":"2022-12-13T15:04:18","date_gmt":"2022-12-13T13:04:18","guid":{"rendered":"https:\/\/rubi5.com\/?post_type=product&#038;p=19353"},"modified":"2026-01-22T11:14:32","modified_gmt":"2026-01-22T09:14:32","slug":"boligrafo-puntero-zabox","status":"publish","type":"product","link":"https:\/\/rubi5.com\/staging\/boligrafo-puntero-zabox\/","title":{"rendered":"Bol\u00edgrafo Puntero Zabox"},"content":{"rendered":"","protected":false},"excerpt":{"rendered":"<p>Opta por la elegancia sostenible con este magn\u00edfico bol\u00edgrafo puntero de la colecci\u00f3n <strong>Nature<\/strong>.<\/p>\n<p>Cuenta con cuerpo de aluminio con acabado mate al que se une a una empu\u00f1adura de bamb\u00fa, ofreciendo sostenibilidad sin comprometer el estilo.<\/p>\n<p>Los accesorios mate y el clip met\u00e1lico acent\u00faan su dise\u00f1o refinado, mientras que la anilla transparente agrega un toque contempor\u00e1neo.<\/p>\n<p>Con mecanismo pulsador y tinta azul, este bol\u00edgrafo est\u00e1 disponible en una variedad de colores que se adaptan a tu gusto personal o corporativo.<\/p>\n","protected":false},"featured_media":59610,"template":"","meta":{"_acf_changed":false},"product_brand":[],"product_cat":[319,317,43],"product_tag":[],"class_list":{"0":"post-19353","1":"product","2":"type-product","3":"status-publish","4":"has-post-thumbnail","6":"product_cat-boligrafos-metalicos","7":"product_cat-boligrafos-personalizados","8":"product_cat-escritura","10":"first","11":"instock","12":"taxable","13":"shipping-taxable","14":"purchasable","15":"product-type-variable"},"acf":[],"_links":{"self":[{"href":"https:\/\/rubi5.com\/staging\/wp-json\/wp\/v2\/product\/19353","targetHints":{"allow":["GET"]}}],"collection":[{"href":"https:\/\/rubi5.com\/staging\/wp-json\/wp\/v2\/product"}],"about":[{"href":"https:\/\/rubi5.com\/staging\/wp-json\/wp\/v2\/types\/product"}],"version-history":[{"count":4,"href":"https:\/\/rubi5.com\/staging\/wp-json\/wp\/v2\/product\/19353\/revisions"}],"predecessor-version":[{"id":59693,"href":"https:\/\/rubi5.com\/staging\/wp-json\/wp\/v2\/product\/19353\/revisions\/59693"}],"wp:featuredmedia":[{"embeddable":true,"href":"https:\/\/rubi5.com\/staging\/wp-json\/wp\/v2\/media\/59610"}],"wp:attachment":[{"href":"https:\/\/rubi5.com\/staging\/wp-json\/wp\/v2\/media?parent=19353"}],"wp:term":[{"taxonomy":"product_brand","embeddable":true,"href":"https:\/\/rubi5.com\/staging\/wp-json\/wp\/v2\/product_brand?post=19353"},{"taxonomy":"product_cat","embeddable":true,"href":"https:\/\/rubi5.com\/staging\/wp-json\/wp\/v2\/product_cat?post=19353"},{"taxonomy":"product_tag","embeddable":true,"href":"https:\/\/rubi5.com\/staging\/wp-json\/wp\/v2\/product_tag?post=19353"}],"curies":[{"name":"wp","href":"https:\/\/api.w.org\/{rel}","templated":true}]}}