{"id":19372,"date":"2022-12-13T15:04:41","date_gmt":"2022-12-13T13:04:41","guid":{"rendered":"https:\/\/rubi5.com\/?post_type=product&#038;p=19372"},"modified":"2026-01-22T11:13:12","modified_gmt":"2026-01-22T09:13:12","slug":"boligrafo-chiatox","status":"publish","type":"product","link":"https:\/\/rubi5.com\/staging\/boligrafo-chiatox\/","title":{"rendered":"Bol\u00edgrafo Chiatox"},"content":{"rendered":"","protected":false},"excerpt":{"rendered":"<p>\ud83d\udd8b\ufe0f Bol\u00edgrafo en l\u00ednea <strong>Nature<\/strong>, una pieza maestra de dise\u00f1o y sostenibilidad.<\/p>\n<p>Este exquisito bol\u00edgrafo personalizado fusiona la elegancia atemporal con la responsabilidad ecol\u00f3gica, incorporando un mecanismo pulsador.<\/p>\n<p>Su cuerpo de aluminio, con un sofisticado acabado mate, se complementa a la perfecci\u00f3n con una empu\u00f1adura de bamb\u00fa org\u00e1nico, adem\u00e1s la tinta azul garantiza una escritura fluida y n\u00edtida.<\/p>\n<p>Disponible en una paleta de colores cuidadosamente seleccionados, este bol\u00edgrafo publicitario no es solo un utensilio de escritura, sino una declaraci\u00f3n de estilo.<\/p>\n","protected":false},"featured_media":69835,"template":"","meta":{"_acf_changed":false},"product_brand":[],"product_cat":[319,317,904,43],"product_tag":[],"class_list":{"0":"post-19372","1":"product","2":"type-product","3":"status-publish","4":"has-post-thumbnail","6":"product_cat-boligrafos-metalicos","7":"product_cat-boligrafos-personalizados","8":"product_cat-detalles-personalizados","9":"product_cat-escritura","11":"first","12":"instock","13":"taxable","14":"shipping-taxable","15":"product-type-variable"},"acf":[],"_links":{"self":[{"href":"https:\/\/rubi5.com\/staging\/wp-json\/wp\/v2\/product\/19372","targetHints":{"allow":["GET"]}}],"collection":[{"href":"https:\/\/rubi5.com\/staging\/wp-json\/wp\/v2\/product"}],"about":[{"href":"https:\/\/rubi5.com\/staging\/wp-json\/wp\/v2\/types\/product"}],"version-history":[{"count":4,"href":"https:\/\/rubi5.com\/staging\/wp-json\/wp\/v2\/product\/19372\/revisions"}],"predecessor-version":[{"id":59675,"href":"https:\/\/rubi5.com\/staging\/wp-json\/wp\/v2\/product\/19372\/revisions\/59675"}],"wp:featuredmedia":[{"embeddable":true,"href":"https:\/\/rubi5.com\/staging\/wp-json\/wp\/v2\/media\/69835"}],"wp:attachment":[{"href":"https:\/\/rubi5.com\/staging\/wp-json\/wp\/v2\/media?parent=19372"}],"wp:term":[{"taxonomy":"product_brand","embeddable":true,"href":"https:\/\/rubi5.com\/staging\/wp-json\/wp\/v2\/product_brand?post=19372"},{"taxonomy":"product_cat","embeddable":true,"href":"https:\/\/rubi5.com\/staging\/wp-json\/wp\/v2\/product_cat?post=19372"},{"taxonomy":"product_tag","embeddable":true,"href":"https:\/\/rubi5.com\/staging\/wp-json\/wp\/v2\/product_tag?post=19372"}],"curies":[{"name":"wp","href":"https:\/\/api.w.org\/{rel}","templated":true}]}}