{"id":19377,"date":"2022-12-13T15:04:41","date_gmt":"2022-12-13T13:04:41","guid":{"rendered":"https:\/\/rubi5.com\/?post_type=product&#038;p=19377"},"modified":"2026-01-22T11:14:32","modified_gmt":"2026-01-22T09:14:32","slug":"boligrafo-lester","status":"publish","type":"product","link":"https:\/\/rubi5.com\/staging\/boligrafo-lester\/","title":{"rendered":"Bol\u00edgrafo Lester"},"content":{"rendered":"","protected":false},"excerpt":{"rendered":"<p>Bol\u00edgrafo de l\u00ednea nature en material RPET, elaborado a partir de pl\u00e1stico reciclado para as\u00ed fomentar la reutilizaci\u00f3n de residuos pl\u00e1sticos y ayudar a la sostenibilidad del planeta. De acabado transl\u00facido y con pulsador disponible en variada gama de colores, con distintivo RPET en el cuerpo del bol\u00edgrafo. Especialmente dise\u00f1ado para marcaje en tampograf\u00eda, de mecanismo pulsador y con tinta azul.<\/p>\n","protected":false},"featured_media":62228,"template":"","meta":{"_acf_changed":false},"product_brand":[],"product_cat":[320,317,43],"product_tag":[],"class_list":{"0":"post-19377","1":"product","2":"type-product","3":"status-publish","4":"has-post-thumbnail","6":"product_cat-boligrafos-ecologicos","7":"product_cat-boligrafos-personalizados","8":"product_cat-escritura","10":"first","11":"instock","12":"taxable","13":"shipping-taxable","14":"purchasable","15":"product-type-variable"},"acf":[],"_links":{"self":[{"href":"https:\/\/rubi5.com\/staging\/wp-json\/wp\/v2\/product\/19377","targetHints":{"allow":["GET"]}}],"collection":[{"href":"https:\/\/rubi5.com\/staging\/wp-json\/wp\/v2\/product"}],"about":[{"href":"https:\/\/rubi5.com\/staging\/wp-json\/wp\/v2\/types\/product"}],"version-history":[{"count":1,"href":"https:\/\/rubi5.com\/staging\/wp-json\/wp\/v2\/product\/19377\/revisions"}],"predecessor-version":[{"id":19466,"href":"https:\/\/rubi5.com\/staging\/wp-json\/wp\/v2\/product\/19377\/revisions\/19466"}],"wp:featuredmedia":[{"embeddable":true,"href":"https:\/\/rubi5.com\/staging\/wp-json\/wp\/v2\/media\/62228"}],"wp:attachment":[{"href":"https:\/\/rubi5.com\/staging\/wp-json\/wp\/v2\/media?parent=19377"}],"wp:term":[{"taxonomy":"product_brand","embeddable":true,"href":"https:\/\/rubi5.com\/staging\/wp-json\/wp\/v2\/product_brand?post=19377"},{"taxonomy":"product_cat","embeddable":true,"href":"https:\/\/rubi5.com\/staging\/wp-json\/wp\/v2\/product_cat?post=19377"},{"taxonomy":"product_tag","embeddable":true,"href":"https:\/\/rubi5.com\/staging\/wp-json\/wp\/v2\/product_tag?post=19377"}],"curies":[{"name":"wp","href":"https:\/\/api.w.org\/{rel}","templated":true}]}}