{"id":19404,"date":"2022-12-13T15:05:10","date_gmt":"2022-12-13T13:05:10","guid":{"rendered":"https:\/\/rubi5.com\/?post_type=product&#038;p=19404"},"modified":"2026-01-22T11:14:32","modified_gmt":"2026-01-22T09:14:32","slug":"boligrafo-tori","status":"publish","type":"product","link":"https:\/\/rubi5.com\/staging\/boligrafo-tori\/","title":{"rendered":"Bol\u00edgrafo Tori"},"content":{"rendered":"","protected":false},"excerpt":{"rendered":"<p>Bol\u00edgrafo de mecanismo pulsador en original combinaci\u00f3n de cuerpo en cart\u00f3n reciclado de color natural y accesorios en vivos colores. Tinta azul.<\/p>\n","protected":false},"featured_media":60739,"template":"","meta":{"_acf_changed":false},"product_brand":[],"product_cat":[320,317,43],"product_tag":[],"class_list":{"0":"post-19404","1":"product","2":"type-product","3":"status-publish","4":"has-post-thumbnail","6":"product_cat-boligrafos-ecologicos","7":"product_cat-boligrafos-personalizados","8":"product_cat-escritura","10":"first","11":"instock","12":"taxable","13":"shipping-taxable","14":"purchasable","15":"product-type-variable"},"acf":[],"_links":{"self":[{"href":"https:\/\/rubi5.com\/staging\/wp-json\/wp\/v2\/product\/19404","targetHints":{"allow":["GET"]}}],"collection":[{"href":"https:\/\/rubi5.com\/staging\/wp-json\/wp\/v2\/product"}],"about":[{"href":"https:\/\/rubi5.com\/staging\/wp-json\/wp\/v2\/types\/product"}],"version-history":[{"count":1,"href":"https:\/\/rubi5.com\/staging\/wp-json\/wp\/v2\/product\/19404\/revisions"}],"predecessor-version":[{"id":19483,"href":"https:\/\/rubi5.com\/staging\/wp-json\/wp\/v2\/product\/19404\/revisions\/19483"}],"wp:featuredmedia":[{"embeddable":true,"href":"https:\/\/rubi5.com\/staging\/wp-json\/wp\/v2\/media\/60739"}],"wp:attachment":[{"href":"https:\/\/rubi5.com\/staging\/wp-json\/wp\/v2\/media?parent=19404"}],"wp:term":[{"taxonomy":"product_brand","embeddable":true,"href":"https:\/\/rubi5.com\/staging\/wp-json\/wp\/v2\/product_brand?post=19404"},{"taxonomy":"product_cat","embeddable":true,"href":"https:\/\/rubi5.com\/staging\/wp-json\/wp\/v2\/product_cat?post=19404"},{"taxonomy":"product_tag","embeddable":true,"href":"https:\/\/rubi5.com\/staging\/wp-json\/wp\/v2\/product_tag?post=19404"}],"curies":[{"name":"wp","href":"https:\/\/api.w.org\/{rel}","templated":true}]}}