{"id":19457,"date":"2022-12-13T15:06:03","date_gmt":"2022-12-13T13:06:03","guid":{"rendered":"https:\/\/rubi5.com\/?post_type=product&#038;p=19457"},"modified":"2026-01-22T11:14:32","modified_gmt":"2026-01-22T09:14:32","slug":"boligrafo-yiagan","status":"publish","type":"product","link":"https:\/\/rubi5.com\/staging\/boligrafo-yiagan\/","title":{"rendered":"Bol\u00edgrafo Yiagan"},"content":{"rendered":"","protected":false},"excerpt":{"rendered":"<p>Elegante bol\u00edgrafo de mecanismo pulsador con cuerpo en madera de bamb\u00fa natural y accesorios de acabado met\u00e1lico en color plateado brillante. De cartucho jumbo y tinta azul.<\/p>\n","protected":false},"featured_media":62236,"template":"","meta":{"_acf_changed":false},"product_brand":[],"product_cat":[320,317,43],"product_tag":[],"class_list":{"0":"post-19457","1":"product","2":"type-product","3":"status-publish","4":"has-post-thumbnail","6":"product_cat-boligrafos-ecologicos","7":"product_cat-boligrafos-personalizados","8":"product_cat-escritura","10":"first","11":"instock","12":"taxable","13":"shipping-taxable","14":"purchasable","15":"product-type-variable"},"acf":[],"_links":{"self":[{"href":"https:\/\/rubi5.com\/staging\/wp-json\/wp\/v2\/product\/19457","targetHints":{"allow":["GET"]}}],"collection":[{"href":"https:\/\/rubi5.com\/staging\/wp-json\/wp\/v2\/product"}],"about":[{"href":"https:\/\/rubi5.com\/staging\/wp-json\/wp\/v2\/types\/product"}],"version-history":[{"count":2,"href":"https:\/\/rubi5.com\/staging\/wp-json\/wp\/v2\/product\/19457\/revisions"}],"predecessor-version":[{"id":61207,"href":"https:\/\/rubi5.com\/staging\/wp-json\/wp\/v2\/product\/19457\/revisions\/61207"}],"wp:featuredmedia":[{"embeddable":true,"href":"https:\/\/rubi5.com\/staging\/wp-json\/wp\/v2\/media\/62236"}],"wp:attachment":[{"href":"https:\/\/rubi5.com\/staging\/wp-json\/wp\/v2\/media?parent=19457"}],"wp:term":[{"taxonomy":"product_brand","embeddable":true,"href":"https:\/\/rubi5.com\/staging\/wp-json\/wp\/v2\/product_brand?post=19457"},{"taxonomy":"product_cat","embeddable":true,"href":"https:\/\/rubi5.com\/staging\/wp-json\/wp\/v2\/product_cat?post=19457"},{"taxonomy":"product_tag","embeddable":true,"href":"https:\/\/rubi5.com\/staging\/wp-json\/wp\/v2\/product_tag?post=19457"}],"curies":[{"name":"wp","href":"https:\/\/api.w.org\/{rel}","templated":true}]}}