{"id":19459,"date":"2022-12-13T15:06:03","date_gmt":"2022-12-13T13:06:03","guid":{"rendered":"https:\/\/rubi5.com\/?post_type=product&#038;p=19459"},"modified":"2026-01-22T11:14:32","modified_gmt":"2026-01-22T09:14:32","slug":"boligrafo-prodox","status":"publish","type":"product","link":"https:\/\/rubi5.com\/staging\/boligrafo-prodox\/","title":{"rendered":"Bol\u00edgrafo Prodox"},"content":{"rendered":"","protected":false},"excerpt":{"rendered":"<p>\u267b\ufe0f Este bol\u00edgrafo personalizado ecol\u00f3gico en l\u00ednea <strong>Nature<\/strong>\u00a0cuenta con un cuerpo elaborado a partir de ca\u00f1a de trigo.<\/p>\n<p>Su mecanismo pulsador, detalles cromados y un clip troquelado le confieren una est\u00e9tica moderna para un uso pr\u00e1ctico.<\/p>\n<p>Equipado con un cartucho jumbo de tinta azul, asegura una escritura prolongada y fluida.<\/p>\n<p>Disponible en diversos colores naturales, es la opci\u00f3n ideal para una escritura responsable con el planeta.<\/p>\n<p><strong>Da un paso adelante hacia la sostenibilidad al reducir el impacto medioambiental.<\/strong><\/p>\n","protected":false},"featured_media":59396,"template":"","meta":{"_acf_changed":false},"product_brand":[],"product_cat":[320,317,43],"product_tag":[],"class_list":{"0":"post-19459","1":"product","2":"type-product","3":"status-publish","4":"has-post-thumbnail","6":"product_cat-boligrafos-ecologicos","7":"product_cat-boligrafos-personalizados","8":"product_cat-escritura","10":"first","11":"instock","12":"taxable","13":"shipping-taxable","14":"purchasable","15":"product-type-variable"},"acf":[],"_links":{"self":[{"href":"https:\/\/rubi5.com\/staging\/wp-json\/wp\/v2\/product\/19459","targetHints":{"allow":["GET"]}}],"collection":[{"href":"https:\/\/rubi5.com\/staging\/wp-json\/wp\/v2\/product"}],"about":[{"href":"https:\/\/rubi5.com\/staging\/wp-json\/wp\/v2\/types\/product"}],"version-history":[{"count":3,"href":"https:\/\/rubi5.com\/staging\/wp-json\/wp\/v2\/product\/19459\/revisions"}],"predecessor-version":[{"id":59690,"href":"https:\/\/rubi5.com\/staging\/wp-json\/wp\/v2\/product\/19459\/revisions\/59690"}],"wp:featuredmedia":[{"embeddable":true,"href":"https:\/\/rubi5.com\/staging\/wp-json\/wp\/v2\/media\/59396"}],"wp:attachment":[{"href":"https:\/\/rubi5.com\/staging\/wp-json\/wp\/v2\/media?parent=19459"}],"wp:term":[{"taxonomy":"product_brand","embeddable":true,"href":"https:\/\/rubi5.com\/staging\/wp-json\/wp\/v2\/product_brand?post=19459"},{"taxonomy":"product_cat","embeddable":true,"href":"https:\/\/rubi5.com\/staging\/wp-json\/wp\/v2\/product_cat?post=19459"},{"taxonomy":"product_tag","embeddable":true,"href":"https:\/\/rubi5.com\/staging\/wp-json\/wp\/v2\/product_tag?post=19459"}],"curies":[{"name":"wp","href":"https:\/\/api.w.org\/{rel}","templated":true}]}}