{"id":19488,"date":"2022-12-13T15:06:33","date_gmt":"2022-12-13T13:06:33","guid":{"rendered":"https:\/\/rubi5.com\/?post_type=product&#038;p=19488"},"modified":"2026-01-22T11:14:32","modified_gmt":"2026-01-22T09:14:32","slug":"boligrafo-clover","status":"publish","type":"product","link":"https:\/\/rubi5.com\/staging\/boligrafo-clover\/","title":{"rendered":"Bol\u00edgrafo Clover"},"content":{"rendered":"","protected":false},"excerpt":{"rendered":"<p>\ud83c\udf0d Sum\u00e9rgete en la armon\u00eda de lo natural con este innovador bol\u00edgrafo en l\u00ednea <strong>Nature<\/strong>.<\/p>\n<p>Este instrumento de escritura es un tributo al medio ambiente, cuidadosamente fabricado con un cuerpo de corcho natural que no solo ofrece una textura \u00fanica y confortable al tacto, sino que tambi\u00e9n celebra la belleza de los materiales sostenibles.<\/p>\n<p>Detalles como el clip, la punta y el pulsador est\u00e1n hechos de ca\u00f1a de trigo, un gesto consciente hacia la reducci\u00f3n de emisiones contaminantes y la promoci\u00f3n del uso de recursos renovables.<\/p>\n<p>El clip no es solo funcional, sino que est\u00e1 meticulosamente dise\u00f1ado para ser el lienzo ideal para grabar el logo de tu marca mediante tampograf\u00eda.<\/p>\n<p>Con su mecanismo pulsador suave y eficiente y una tinta azul de calidad, este bol\u00edgrafo personalizado no solo escribe historias, sino que tambi\u00e9n cuenta la suya propia, una de respeto y compromiso con nuestro planeta.<\/p>\n","protected":false},"featured_media":59393,"template":"","meta":{"_acf_changed":false},"product_brand":[],"product_cat":[320,317,43,980,898],"product_tag":[],"class_list":{"0":"post-19488","1":"product","2":"type-product","3":"status-publish","4":"has-post-thumbnail","6":"product_cat-boligrafos-ecologicos","7":"product_cat-boligrafos-personalizados","8":"product_cat-escritura","9":"product_cat-mas-regalos","10":"product_cat-regalos-ecologicos","12":"first","13":"instock","14":"taxable","15":"shipping-taxable","16":"purchasable","17":"product-type-variable"},"acf":[],"_links":{"self":[{"href":"https:\/\/rubi5.com\/staging\/wp-json\/wp\/v2\/product\/19488","targetHints":{"allow":["GET"]}}],"collection":[{"href":"https:\/\/rubi5.com\/staging\/wp-json\/wp\/v2\/product"}],"about":[{"href":"https:\/\/rubi5.com\/staging\/wp-json\/wp\/v2\/types\/product"}],"version-history":[{"count":3,"href":"https:\/\/rubi5.com\/staging\/wp-json\/wp\/v2\/product\/19488\/revisions"}],"predecessor-version":[{"id":59668,"href":"https:\/\/rubi5.com\/staging\/wp-json\/wp\/v2\/product\/19488\/revisions\/59668"}],"wp:featuredmedia":[{"embeddable":true,"href":"https:\/\/rubi5.com\/staging\/wp-json\/wp\/v2\/media\/59393"}],"wp:attachment":[{"href":"https:\/\/rubi5.com\/staging\/wp-json\/wp\/v2\/media?parent=19488"}],"wp:term":[{"taxonomy":"product_brand","embeddable":true,"href":"https:\/\/rubi5.com\/staging\/wp-json\/wp\/v2\/product_brand?post=19488"},{"taxonomy":"product_cat","embeddable":true,"href":"https:\/\/rubi5.com\/staging\/wp-json\/wp\/v2\/product_cat?post=19488"},{"taxonomy":"product_tag","embeddable":true,"href":"https:\/\/rubi5.com\/staging\/wp-json\/wp\/v2\/product_tag?post=19488"}],"curies":[{"name":"wp","href":"https:\/\/api.w.org\/{rel}","templated":true}]}}