{"id":19491,"date":"2022-12-13T15:06:33","date_gmt":"2022-12-13T13:06:33","guid":{"rendered":"https:\/\/rubi5.com\/?post_type=product&#038;p=19491"},"modified":"2026-01-22T11:14:32","modified_gmt":"2026-01-22T09:14:32","slug":"boligrafo-nukot","status":"publish","type":"product","link":"https:\/\/rubi5.com\/staging\/boligrafo-nukot\/","title":{"rendered":"Bol\u00edgrafo Nukot"},"content":{"rendered":"","protected":false},"excerpt":{"rendered":"<p>Bol\u00edgrafo de l\u00ednea nature con cuerpo en ca\u00f1a de trigo, para as\u00ed fomentar la utilizaci\u00f3n de materias primas naturales y reducir las emisiones contaminantes. Clip met\u00e1lico y accesorios en cromado. De mecanismo pulsador, de cartucho jumbo y con tinta azul. Disponible en variada gama de colores nature.<\/p>\n","protected":false},"featured_media":62207,"template":"","meta":{"_acf_changed":false},"product_brand":[],"product_cat":[320,317,43],"product_tag":[],"class_list":{"0":"post-19491","1":"product","2":"type-product","3":"status-publish","4":"has-post-thumbnail","6":"product_cat-boligrafos-ecologicos","7":"product_cat-boligrafos-personalizados","8":"product_cat-escritura","10":"first","11":"instock","12":"taxable","13":"shipping-taxable","14":"purchasable","15":"product-type-variable"},"acf":[],"_links":{"self":[{"href":"https:\/\/rubi5.com\/staging\/wp-json\/wp\/v2\/product\/19491","targetHints":{"allow":["GET"]}}],"collection":[{"href":"https:\/\/rubi5.com\/staging\/wp-json\/wp\/v2\/product"}],"about":[{"href":"https:\/\/rubi5.com\/staging\/wp-json\/wp\/v2\/types\/product"}],"version-history":[{"count":1,"href":"https:\/\/rubi5.com\/staging\/wp-json\/wp\/v2\/product\/19491\/revisions"}],"predecessor-version":[{"id":19563,"href":"https:\/\/rubi5.com\/staging\/wp-json\/wp\/v2\/product\/19491\/revisions\/19563"}],"wp:featuredmedia":[{"embeddable":true,"href":"https:\/\/rubi5.com\/staging\/wp-json\/wp\/v2\/media\/62207"}],"wp:attachment":[{"href":"https:\/\/rubi5.com\/staging\/wp-json\/wp\/v2\/media?parent=19491"}],"wp:term":[{"taxonomy":"product_brand","embeddable":true,"href":"https:\/\/rubi5.com\/staging\/wp-json\/wp\/v2\/product_brand?post=19491"},{"taxonomy":"product_cat","embeddable":true,"href":"https:\/\/rubi5.com\/staging\/wp-json\/wp\/v2\/product_cat?post=19491"},{"taxonomy":"product_tag","embeddable":true,"href":"https:\/\/rubi5.com\/staging\/wp-json\/wp\/v2\/product_tag?post=19491"}],"curies":[{"name":"wp","href":"https:\/\/api.w.org\/{rel}","templated":true}]}}