{"id":19540,"date":"2022-12-13T15:07:27","date_gmt":"2022-12-13T13:07:27","guid":{"rendered":"https:\/\/rubi5.com\/?post_type=product&#038;p=19540"},"modified":"2026-01-22T11:14:32","modified_gmt":"2026-01-22T09:14:32","slug":"boligrafo-wipper","status":"publish","type":"product","link":"https:\/\/rubi5.com\/staging\/boligrafo-wipper\/","title":{"rendered":"Bol\u00edgrafo Wipper"},"content":{"rendered":"","protected":false},"excerpt":{"rendered":"<p>Bol\u00edgrafo publicitario en l\u00ednea Nature con mecanismo pulsador y cuerpo en ca\u00f1a de trigo que refleja el compromiso con el medio ambiente.<\/p>\n<p>Su dise\u00f1o promueve el uso de recursos naturales y la reducci\u00f3n de contaminantes.<\/p>\n<p>Disfruta de una escritura suave con tinta azul mientras apoyas la sostenibilidad.<\/p>\n<p><strong>Un regalo de empresa perfecto para cualquier evento o fecha se\u00f1alada.<\/strong><\/p>\n","protected":false},"featured_media":59609,"template":"","meta":{"_acf_changed":false},"product_brand":[],"product_cat":[320,317,43],"product_tag":[],"class_list":{"0":"post-19540","1":"product","2":"type-product","3":"status-publish","4":"has-post-thumbnail","6":"product_cat-boligrafos-ecologicos","7":"product_cat-boligrafos-personalizados","8":"product_cat-escritura","10":"first","11":"instock","12":"taxable","13":"shipping-taxable","14":"purchasable","15":"product-type-variable"},"acf":[],"_links":{"self":[{"href":"https:\/\/rubi5.com\/staging\/wp-json\/wp\/v2\/product\/19540","targetHints":{"allow":["GET"]}}],"collection":[{"href":"https:\/\/rubi5.com\/staging\/wp-json\/wp\/v2\/product"}],"about":[{"href":"https:\/\/rubi5.com\/staging\/wp-json\/wp\/v2\/types\/product"}],"version-history":[{"count":4,"href":"https:\/\/rubi5.com\/staging\/wp-json\/wp\/v2\/product\/19540\/revisions"}],"predecessor-version":[{"id":59696,"href":"https:\/\/rubi5.com\/staging\/wp-json\/wp\/v2\/product\/19540\/revisions\/59696"}],"wp:featuredmedia":[{"embeddable":true,"href":"https:\/\/rubi5.com\/staging\/wp-json\/wp\/v2\/media\/59609"}],"wp:attachment":[{"href":"https:\/\/rubi5.com\/staging\/wp-json\/wp\/v2\/media?parent=19540"}],"wp:term":[{"taxonomy":"product_brand","embeddable":true,"href":"https:\/\/rubi5.com\/staging\/wp-json\/wp\/v2\/product_brand?post=19540"},{"taxonomy":"product_cat","embeddable":true,"href":"https:\/\/rubi5.com\/staging\/wp-json\/wp\/v2\/product_cat?post=19540"},{"taxonomy":"product_tag","embeddable":true,"href":"https:\/\/rubi5.com\/staging\/wp-json\/wp\/v2\/product_tag?post=19540"}],"curies":[{"name":"wp","href":"https:\/\/api.w.org\/{rel}","templated":true}]}}