{"id":19592,"date":"2022-12-13T15:08:18","date_gmt":"2022-12-13T13:08:18","guid":{"rendered":"https:\/\/rubi5.com\/?post_type=product&#038;p=19592"},"modified":"2026-01-22T11:14:32","modified_gmt":"2026-01-22T09:14:32","slug":"boligrafo-puntero-zharu","status":"publish","type":"product","link":"https:\/\/rubi5.com\/staging\/boligrafo-puntero-zharu\/","title":{"rendered":"Bol\u00edgrafo Puntero Zharu"},"content":{"rendered":"","protected":false},"excerpt":{"rendered":"<p>Bol\u00edgrafo puntero de l\u00ednea nature, con cuerpo en bamb\u00fa y accesorios cromados, con puntero en negro. De mecanismo pulsador, clip met\u00e1lico y cartucho jumbo con tinta azul.<\/p>\n","protected":false},"featured_media":62231,"template":"","meta":{"_acf_changed":false},"product_brand":[],"product_cat":[320,317,43],"product_tag":[],"class_list":{"0":"post-19592","1":"product","2":"type-product","3":"status-publish","4":"has-post-thumbnail","6":"product_cat-boligrafos-ecologicos","7":"product_cat-boligrafos-personalizados","8":"product_cat-escritura","10":"first","11":"instock","12":"taxable","13":"shipping-taxable","14":"purchasable","15":"product-type-variable"},"acf":[],"_links":{"self":[{"href":"https:\/\/rubi5.com\/staging\/wp-json\/wp\/v2\/product\/19592","targetHints":{"allow":["GET"]}}],"collection":[{"href":"https:\/\/rubi5.com\/staging\/wp-json\/wp\/v2\/product"}],"about":[{"href":"https:\/\/rubi5.com\/staging\/wp-json\/wp\/v2\/types\/product"}],"version-history":[{"count":2,"href":"https:\/\/rubi5.com\/staging\/wp-json\/wp\/v2\/product\/19592\/revisions"}],"predecessor-version":[{"id":64640,"href":"https:\/\/rubi5.com\/staging\/wp-json\/wp\/v2\/product\/19592\/revisions\/64640"}],"wp:featuredmedia":[{"embeddable":true,"href":"https:\/\/rubi5.com\/staging\/wp-json\/wp\/v2\/media\/62231"}],"wp:attachment":[{"href":"https:\/\/rubi5.com\/staging\/wp-json\/wp\/v2\/media?parent=19592"}],"wp:term":[{"taxonomy":"product_brand","embeddable":true,"href":"https:\/\/rubi5.com\/staging\/wp-json\/wp\/v2\/product_brand?post=19592"},{"taxonomy":"product_cat","embeddable":true,"href":"https:\/\/rubi5.com\/staging\/wp-json\/wp\/v2\/product_cat?post=19592"},{"taxonomy":"product_tag","embeddable":true,"href":"https:\/\/rubi5.com\/staging\/wp-json\/wp\/v2\/product_tag?post=19592"}],"curies":[{"name":"wp","href":"https:\/\/api.w.org\/{rel}","templated":true}]}}