{"id":19594,"date":"2022-12-13T15:08:18","date_gmt":"2022-12-13T13:08:18","guid":{"rendered":"https:\/\/rubi5.com\/?post_type=product&#038;p=19594"},"modified":"2026-01-22T11:14:32","modified_gmt":"2026-01-22T09:14:32","slug":"boligrafo-yusin","status":"publish","type":"product","link":"https:\/\/rubi5.com\/staging\/boligrafo-yusin\/","title":{"rendered":"Bol\u00edgrafo Yusin"},"content":{"rendered":"","protected":false},"excerpt":{"rendered":"<p>Bol\u00edgrafo de l\u00ednea nature y mecanismo pulsador. Cuerpo fabricado en combinaci\u00f3n de ca\u00f1a de trigo y clip en bamb\u00fa, para as\u00ed fomentar la utilizaci\u00f3n de materias primas naturales y reducir las emisiones contaminantes. Clip con amplia zona de marcaje y en tinta azul. Distintivo ca\u00f1a de trigo en la parte superior del bol\u00edgrafo.<\/p>\n","protected":false},"featured_media":62238,"template":"","meta":{"_acf_changed":false},"product_brand":[],"product_cat":[320,317,43,980,898],"product_tag":[],"class_list":{"0":"post-19594","1":"product","2":"type-product","3":"status-publish","4":"has-post-thumbnail","6":"product_cat-boligrafos-ecologicos","7":"product_cat-boligrafos-personalizados","8":"product_cat-escritura","9":"product_cat-mas-regalos","10":"product_cat-regalos-ecologicos","12":"first","13":"instock","14":"taxable","15":"shipping-taxable","16":"purchasable","17":"product-type-variable"},"acf":[],"_links":{"self":[{"href":"https:\/\/rubi5.com\/staging\/wp-json\/wp\/v2\/product\/19594","targetHints":{"allow":["GET"]}}],"collection":[{"href":"https:\/\/rubi5.com\/staging\/wp-json\/wp\/v2\/product"}],"about":[{"href":"https:\/\/rubi5.com\/staging\/wp-json\/wp\/v2\/types\/product"}],"version-history":[{"count":1,"href":"https:\/\/rubi5.com\/staging\/wp-json\/wp\/v2\/product\/19594\/revisions"}],"predecessor-version":[{"id":19665,"href":"https:\/\/rubi5.com\/staging\/wp-json\/wp\/v2\/product\/19594\/revisions\/19665"}],"wp:featuredmedia":[{"embeddable":true,"href":"https:\/\/rubi5.com\/staging\/wp-json\/wp\/v2\/media\/62238"}],"wp:attachment":[{"href":"https:\/\/rubi5.com\/staging\/wp-json\/wp\/v2\/media?parent=19594"}],"wp:term":[{"taxonomy":"product_brand","embeddable":true,"href":"https:\/\/rubi5.com\/staging\/wp-json\/wp\/v2\/product_brand?post=19594"},{"taxonomy":"product_cat","embeddable":true,"href":"https:\/\/rubi5.com\/staging\/wp-json\/wp\/v2\/product_cat?post=19594"},{"taxonomy":"product_tag","embeddable":true,"href":"https:\/\/rubi5.com\/staging\/wp-json\/wp\/v2\/product_tag?post=19594"}],"curies":[{"name":"wp","href":"https:\/\/api.w.org\/{rel}","templated":true}]}}