{"id":19622,"date":"2022-12-13T15:08:42","date_gmt":"2022-12-13T13:08:42","guid":{"rendered":"https:\/\/rubi5.com\/?post_type=product&#038;p=19622"},"modified":"2026-01-22T11:13:05","modified_gmt":"2026-01-22T09:13:05","slug":"set-niveum","status":"publish","type":"product","link":"https:\/\/rubi5.com\/staging\/set-niveum\/","title":{"rendered":"Set Niveum"},"content":{"rendered":"","protected":false},"excerpt":{"rendered":"<p>Set premium de bol\u00edgrafo y roller. Fabricado en elegante combinaci\u00f3n de polipiel en tonos negros y metal cromado. Bol\u00edgrafo de mecanismo giratorio en tinta azul y con cartucho jumbo. Roller con capucha y tinta gel en azul, carga jumbo. Presentado en estuche individual de polipiel con cierre de cremallera e interior a juego con compartimentos individuales.<\/p>\n","protected":false},"featured_media":62896,"template":"","meta":{"_acf_changed":false},"product_brand":[],"product_cat":[317,43,322],"product_tag":[],"class_list":{"0":"post-19622","1":"product","2":"type-product","3":"status-publish","4":"has-post-thumbnail","6":"product_cat-boligrafos-personalizados","7":"product_cat-escritura","8":"product_cat-sets-de-escritura","10":"first","11":"instock","12":"taxable","13":"shipping-taxable","14":"product-type-variable"},"acf":[],"_links":{"self":[{"href":"https:\/\/rubi5.com\/staging\/wp-json\/wp\/v2\/product\/19622","targetHints":{"allow":["GET"]}}],"collection":[{"href":"https:\/\/rubi5.com\/staging\/wp-json\/wp\/v2\/product"}],"about":[{"href":"https:\/\/rubi5.com\/staging\/wp-json\/wp\/v2\/types\/product"}],"version-history":[{"count":1,"href":"https:\/\/rubi5.com\/staging\/wp-json\/wp\/v2\/product\/19622\/revisions"}],"predecessor-version":[{"id":19713,"href":"https:\/\/rubi5.com\/staging\/wp-json\/wp\/v2\/product\/19622\/revisions\/19713"}],"wp:featuredmedia":[{"embeddable":true,"href":"https:\/\/rubi5.com\/staging\/wp-json\/wp\/v2\/media\/62896"}],"wp:attachment":[{"href":"https:\/\/rubi5.com\/staging\/wp-json\/wp\/v2\/media?parent=19622"}],"wp:term":[{"taxonomy":"product_brand","embeddable":true,"href":"https:\/\/rubi5.com\/staging\/wp-json\/wp\/v2\/product_brand?post=19622"},{"taxonomy":"product_cat","embeddable":true,"href":"https:\/\/rubi5.com\/staging\/wp-json\/wp\/v2\/product_cat?post=19622"},{"taxonomy":"product_tag","embeddable":true,"href":"https:\/\/rubi5.com\/staging\/wp-json\/wp\/v2\/product_tag?post=19622"}],"curies":[{"name":"wp","href":"https:\/\/api.w.org\/{rel}","templated":true}]}}