{"id":19624,"date":"2022-12-13T15:08:42","date_gmt":"2022-12-13T13:08:42","guid":{"rendered":"https:\/\/rubi5.com\/?post_type=product&#038;p=19624"},"modified":"2026-01-22T11:14:32","modified_gmt":"2026-01-22T09:14:32","slug":"set-heleon","status":"publish","type":"product","link":"https:\/\/rubi5.com\/staging\/set-heleon\/","title":{"rendered":"Set Heleon"},"content":{"rendered":"","protected":false},"excerpt":{"rendered":"<p>Set de bol\u00edgrafo de mecanismo pulsador y portaminas en original combinaci\u00f3n de cuerpo en madera de bamb\u00fa natural y accesorios de acabado met\u00e1lico en color plateado brillante. Presentado en estuche individual troquelado de cart\u00f3n brillante con acabado s\u00edmil madera. Bol\u00edgrafo de cartucho jumbo con tinta azul y portaminas con minas de 0,7mm incluidas.<\/p>\n","protected":false},"featured_media":62895,"template":"","meta":{"_acf_changed":false},"product_brand":[],"product_cat":[317,43,322],"product_tag":[],"class_list":{"0":"post-19624","1":"product","2":"type-product","3":"status-publish","4":"has-post-thumbnail","6":"product_cat-boligrafos-personalizados","7":"product_cat-escritura","8":"product_cat-sets-de-escritura","10":"first","11":"instock","12":"taxable","13":"shipping-taxable","14":"purchasable","15":"product-type-variable"},"acf":[],"_links":{"self":[{"href":"https:\/\/rubi5.com\/staging\/wp-json\/wp\/v2\/product\/19624","targetHints":{"allow":["GET"]}}],"collection":[{"href":"https:\/\/rubi5.com\/staging\/wp-json\/wp\/v2\/product"}],"about":[{"href":"https:\/\/rubi5.com\/staging\/wp-json\/wp\/v2\/types\/product"}],"version-history":[{"count":1,"href":"https:\/\/rubi5.com\/staging\/wp-json\/wp\/v2\/product\/19624\/revisions"}],"predecessor-version":[{"id":19728,"href":"https:\/\/rubi5.com\/staging\/wp-json\/wp\/v2\/product\/19624\/revisions\/19728"}],"wp:featuredmedia":[{"embeddable":true,"href":"https:\/\/rubi5.com\/staging\/wp-json\/wp\/v2\/media\/62895"}],"wp:attachment":[{"href":"https:\/\/rubi5.com\/staging\/wp-json\/wp\/v2\/media?parent=19624"}],"wp:term":[{"taxonomy":"product_brand","embeddable":true,"href":"https:\/\/rubi5.com\/staging\/wp-json\/wp\/v2\/product_brand?post=19624"},{"taxonomy":"product_cat","embeddable":true,"href":"https:\/\/rubi5.com\/staging\/wp-json\/wp\/v2\/product_cat?post=19624"},{"taxonomy":"product_tag","embeddable":true,"href":"https:\/\/rubi5.com\/staging\/wp-json\/wp\/v2\/product_tag?post=19624"}],"curies":[{"name":"wp","href":"https:\/\/api.w.org\/{rel}","templated":true}]}}