{"id":19640,"date":"2022-12-13T15:09:03","date_gmt":"2022-12-13T13:09:03","guid":{"rendered":"https:\/\/rubi5.com\/?post_type=product&#038;p=19640"},"modified":"2026-01-19T19:14:37","modified_gmt":"2026-01-19T17:14:37","slug":"marcador-conrad","status":"publish","type":"product","link":"https:\/\/rubi5.com\/staging\/marcador-conrad\/","title":{"rendered":"Marcador Conrad"},"content":{"rendered":"","protected":false},"excerpt":{"rendered":"<p>Marcador fluorescente de l\u00ednea nature fabricado en RPET, elaborado a partir de pl\u00e1stico reciclado para as\u00ed fomentar la reutilizaci\u00f3n de residuos pl\u00e1sticos y ayudar a la sostenibilidad del planeta. Con cuerpo transparente y capucha a juego. Con distintivo RPET impreso en el marcador.<\/p>\n","protected":false},"featured_media":19730,"template":"","meta":{"_acf_changed":false},"product_brand":[],"product_cat":[43,323],"product_tag":[],"class_list":{"0":"post-19640","1":"product","2":"type-product","3":"status-publish","4":"has-post-thumbnail","6":"product_cat-escritura","7":"product_cat-marcadores-fluorescentes","9":"first","10":"instock","11":"taxable","12":"shipping-taxable","13":"purchasable","14":"product-type-variable"},"acf":[],"_links":{"self":[{"href":"https:\/\/rubi5.com\/staging\/wp-json\/wp\/v2\/product\/19640","targetHints":{"allow":["GET"]}}],"collection":[{"href":"https:\/\/rubi5.com\/staging\/wp-json\/wp\/v2\/product"}],"about":[{"href":"https:\/\/rubi5.com\/staging\/wp-json\/wp\/v2\/types\/product"}],"version-history":[{"count":1,"href":"https:\/\/rubi5.com\/staging\/wp-json\/wp\/v2\/product\/19640\/revisions"}],"predecessor-version":[{"id":19733,"href":"https:\/\/rubi5.com\/staging\/wp-json\/wp\/v2\/product\/19640\/revisions\/19733"}],"wp:featuredmedia":[{"embeddable":true,"href":"https:\/\/rubi5.com\/staging\/wp-json\/wp\/v2\/media\/19730"}],"wp:attachment":[{"href":"https:\/\/rubi5.com\/staging\/wp-json\/wp\/v2\/media?parent=19640"}],"wp:term":[{"taxonomy":"product_brand","embeddable":true,"href":"https:\/\/rubi5.com\/staging\/wp-json\/wp\/v2\/product_brand?post=19640"},{"taxonomy":"product_cat","embeddable":true,"href":"https:\/\/rubi5.com\/staging\/wp-json\/wp\/v2\/product_cat?post=19640"},{"taxonomy":"product_tag","embeddable":true,"href":"https:\/\/rubi5.com\/staging\/wp-json\/wp\/v2\/product_tag?post=19640"}],"curies":[{"name":"wp","href":"https:\/\/api.w.org\/{rel}","templated":true}]}}