{"id":19648,"date":"2022-12-13T15:09:04","date_gmt":"2022-12-13T13:09:04","guid":{"rendered":"https:\/\/rubi5.com\/?post_type=product&#038;p=19648"},"modified":"2026-01-19T19:13:04","modified_gmt":"2026-01-19T17:13:04","slug":"lapiz-dengal","status":"publish","type":"product","link":"https:\/\/rubi5.com\/staging\/lapiz-dengal\/","title":{"rendered":"L\u00e1piz Dengal"},"content":{"rendered":"","protected":false},"excerpt":{"rendered":"<p>L\u00e1piz de l\u00ednea nature fabricado en resistente papel reciclado de color kraft. Con mina negra y punta afilada.<\/p>\n","protected":false},"featured_media":19756,"template":"","meta":{"_acf_changed":false},"product_brand":[],"product_cat":[43,325,324],"product_tag":[],"class_list":{"0":"post-19648","1":"product","2":"type-product","3":"status-publish","4":"has-post-thumbnail","6":"product_cat-escritura","7":"product_cat-lapiceros-de-madera","8":"product_cat-lapiceros-personalizados","10":"first","11":"instock","12":"taxable","13":"shipping-taxable","14":"product-type-variable"},"acf":[],"_links":{"self":[{"href":"https:\/\/rubi5.com\/staging\/wp-json\/wp\/v2\/product\/19648","targetHints":{"allow":["GET"]}}],"collection":[{"href":"https:\/\/rubi5.com\/staging\/wp-json\/wp\/v2\/product"}],"about":[{"href":"https:\/\/rubi5.com\/staging\/wp-json\/wp\/v2\/types\/product"}],"version-history":[{"count":1,"href":"https:\/\/rubi5.com\/staging\/wp-json\/wp\/v2\/product\/19648\/revisions"}],"predecessor-version":[{"id":19758,"href":"https:\/\/rubi5.com\/staging\/wp-json\/wp\/v2\/product\/19648\/revisions\/19758"}],"wp:featuredmedia":[{"embeddable":true,"href":"https:\/\/rubi5.com\/staging\/wp-json\/wp\/v2\/media\/19756"}],"wp:attachment":[{"href":"https:\/\/rubi5.com\/staging\/wp-json\/wp\/v2\/media?parent=19648"}],"wp:term":[{"taxonomy":"product_brand","embeddable":true,"href":"https:\/\/rubi5.com\/staging\/wp-json\/wp\/v2\/product_brand?post=19648"},{"taxonomy":"product_cat","embeddable":true,"href":"https:\/\/rubi5.com\/staging\/wp-json\/wp\/v2\/product_cat?post=19648"},{"taxonomy":"product_tag","embeddable":true,"href":"https:\/\/rubi5.com\/staging\/wp-json\/wp\/v2\/product_tag?post=19648"}],"curies":[{"name":"wp","href":"https:\/\/api.w.org\/{rel}","templated":true}]}}