{"id":19824,"date":"2022-12-13T15:12:01","date_gmt":"2022-12-13T13:12:01","guid":{"rendered":"https:\/\/rubi5.com\/?post_type=product&#038;p=19824"},"modified":"2026-01-11T11:15:54","modified_gmt":"2026-01-11T09:15:54","slug":"caja-lapices-garten","status":"publish","type":"product","link":"https:\/\/rubi5.com\/staging\/caja-lapices-garten\/","title":{"rendered":"Caja L\u00e1pices Garten"},"content":{"rendered":"","protected":false},"excerpt":{"rendered":"<p>Set de 6 l\u00e1pices en caja de cart\u00f3n con acabado brillante en vivos colores y ventana. L\u00e1pices de madera con cuerpo cil\u00edndrico en variados colores brillantes y minas en divertidos colores.<\/p>\n","protected":false},"featured_media":19895,"template":"","meta":{"_acf_changed":false},"product_brand":[],"product_cat":[43,324,326],"product_tag":[],"class_list":{"0":"post-19824","1":"product","2":"type-product","3":"status-publish","4":"has-post-thumbnail","6":"product_cat-escritura","7":"product_cat-lapiceros-personalizados","8":"product_cat-lapices-de-colores","10":"first","11":"instock","12":"taxable","13":"shipping-taxable","14":"purchasable","15":"product-type-variable"},"acf":[],"_links":{"self":[{"href":"https:\/\/rubi5.com\/staging\/wp-json\/wp\/v2\/product\/19824","targetHints":{"allow":["GET"]}}],"collection":[{"href":"https:\/\/rubi5.com\/staging\/wp-json\/wp\/v2\/product"}],"about":[{"href":"https:\/\/rubi5.com\/staging\/wp-json\/wp\/v2\/types\/product"}],"version-history":[{"count":2,"href":"https:\/\/rubi5.com\/staging\/wp-json\/wp\/v2\/product\/19824\/revisions"}],"predecessor-version":[{"id":61210,"href":"https:\/\/rubi5.com\/staging\/wp-json\/wp\/v2\/product\/19824\/revisions\/61210"}],"wp:featuredmedia":[{"embeddable":true,"href":"https:\/\/rubi5.com\/staging\/wp-json\/wp\/v2\/media\/19895"}],"wp:attachment":[{"href":"https:\/\/rubi5.com\/staging\/wp-json\/wp\/v2\/media?parent=19824"}],"wp:term":[{"taxonomy":"product_brand","embeddable":true,"href":"https:\/\/rubi5.com\/staging\/wp-json\/wp\/v2\/product_brand?post=19824"},{"taxonomy":"product_cat","embeddable":true,"href":"https:\/\/rubi5.com\/staging\/wp-json\/wp\/v2\/product_cat?post=19824"},{"taxonomy":"product_tag","embeddable":true,"href":"https:\/\/rubi5.com\/staging\/wp-json\/wp\/v2\/product_tag?post=19824"}],"curies":[{"name":"wp","href":"https:\/\/api.w.org\/{rel}","templated":true}]}}