{"id":19945,"date":"2022-12-14T11:06:55","date_gmt":"2022-12-14T09:06:55","guid":{"rendered":"https:\/\/rubi5.com\/?post_type=product&#038;p=19945"},"modified":"2026-01-18T11:22:49","modified_gmt":"2026-01-18T09:22:49","slug":"cargador-lumbert","status":"publish","type":"product","link":"https:\/\/rubi5.com\/staging\/cargador-lumbert\/","title":{"rendered":"Cargador Lumbert"},"content":{"rendered":"","protected":false},"excerpt":{"rendered":"<p>Cargador inal\u00e1mbrico circular, con funci\u00f3n carga r\u00e1pida de 10W. Base antideslizante e indicador LED de estado de carga. Con puerto USB y capacidad para cargar dos dispositivos de forma simult\u00e1nea, Cable micro USB incluido y compatible con smartphones con tecnolog\u00eda de carga inal\u00e1mbrica. Presentado en atractiva caja de dise\u00f1o.<\/p>\n","protected":false},"featured_media":62263,"template":"","meta":{"_acf_changed":false},"product_brand":[],"product_cat":[954,328,147],"product_tag":[],"class_list":{"0":"post-19945","1":"product","2":"type-product","3":"status-publish","4":"has-post-thumbnail","6":"product_cat-cargadores-inalambricos","7":"product_cat-cargadores-personalizados","8":"product_cat-tecnologia","10":"first","11":"instock","12":"taxable","13":"shipping-taxable","14":"purchasable","15":"product-type-variable"},"acf":[],"_links":{"self":[{"href":"https:\/\/rubi5.com\/staging\/wp-json\/wp\/v2\/product\/19945","targetHints":{"allow":["GET"]}}],"collection":[{"href":"https:\/\/rubi5.com\/staging\/wp-json\/wp\/v2\/product"}],"about":[{"href":"https:\/\/rubi5.com\/staging\/wp-json\/wp\/v2\/types\/product"}],"version-history":[{"count":1,"href":"https:\/\/rubi5.com\/staging\/wp-json\/wp\/v2\/product\/19945\/revisions"}],"predecessor-version":[{"id":20000,"href":"https:\/\/rubi5.com\/staging\/wp-json\/wp\/v2\/product\/19945\/revisions\/20000"}],"wp:featuredmedia":[{"embeddable":true,"href":"https:\/\/rubi5.com\/staging\/wp-json\/wp\/v2\/media\/62263"}],"wp:attachment":[{"href":"https:\/\/rubi5.com\/staging\/wp-json\/wp\/v2\/media?parent=19945"}],"wp:term":[{"taxonomy":"product_brand","embeddable":true,"href":"https:\/\/rubi5.com\/staging\/wp-json\/wp\/v2\/product_brand?post=19945"},{"taxonomy":"product_cat","embeddable":true,"href":"https:\/\/rubi5.com\/staging\/wp-json\/wp\/v2\/product_cat?post=19945"},{"taxonomy":"product_tag","embeddable":true,"href":"https:\/\/rubi5.com\/staging\/wp-json\/wp\/v2\/product_tag?post=19945"}],"curies":[{"name":"wp","href":"https:\/\/api.w.org\/{rel}","templated":true}]}}