{"id":19947,"date":"2022-12-14T11:06:55","date_gmt":"2022-12-14T09:06:55","guid":{"rendered":"https:\/\/rubi5.com\/?post_type=product&#038;p=19947"},"modified":"2026-01-14T03:16:19","modified_gmt":"2026-01-14T01:16:19","slug":"cargador-dimper","status":"publish","type":"product","link":"https:\/\/rubi5.com\/staging\/cargador-dimper\/","title":{"rendered":"Cargador Dimper"},"content":{"rendered":"","protected":false},"excerpt":{"rendered":"<p>Cargador inal\u00e1mbrico de l\u00ednea nature con funci\u00f3n soporte para smartphone. Hecho en bamb\u00fa procedente de cortes naturales. Indicador de estado de carga y compatible con dispositivos equipados con tecnolog\u00eda de carga inal\u00e1mbrica. Amplia superficie de marcaje y presentado en atractiva caja de dise\u00f1o eco.<\/p>\n","protected":false},"featured_media":20002,"template":"","meta":{"_acf_changed":false},"product_brand":[],"product_cat":[954,328,147],"product_tag":[],"class_list":{"0":"post-19947","1":"product","2":"type-product","3":"status-publish","4":"has-post-thumbnail","6":"product_cat-cargadores-inalambricos","7":"product_cat-cargadores-personalizados","8":"product_cat-tecnologia","10":"first","11":"instock","12":"taxable","13":"shipping-taxable","14":"purchasable","15":"product-type-variable"},"acf":[],"_links":{"self":[{"href":"https:\/\/rubi5.com\/staging\/wp-json\/wp\/v2\/product\/19947","targetHints":{"allow":["GET"]}}],"collection":[{"href":"https:\/\/rubi5.com\/staging\/wp-json\/wp\/v2\/product"}],"about":[{"href":"https:\/\/rubi5.com\/staging\/wp-json\/wp\/v2\/types\/product"}],"version-history":[{"count":2,"href":"https:\/\/rubi5.com\/staging\/wp-json\/wp\/v2\/product\/19947\/revisions"}],"predecessor-version":[{"id":61228,"href":"https:\/\/rubi5.com\/staging\/wp-json\/wp\/v2\/product\/19947\/revisions\/61228"}],"wp:featuredmedia":[{"embeddable":true,"href":"https:\/\/rubi5.com\/staging\/wp-json\/wp\/v2\/media\/20002"}],"wp:attachment":[{"href":"https:\/\/rubi5.com\/staging\/wp-json\/wp\/v2\/media?parent=19947"}],"wp:term":[{"taxonomy":"product_brand","embeddable":true,"href":"https:\/\/rubi5.com\/staging\/wp-json\/wp\/v2\/product_brand?post=19947"},{"taxonomy":"product_cat","embeddable":true,"href":"https:\/\/rubi5.com\/staging\/wp-json\/wp\/v2\/product_cat?post=19947"},{"taxonomy":"product_tag","embeddable":true,"href":"https:\/\/rubi5.com\/staging\/wp-json\/wp\/v2\/product_tag?post=19947"}],"curies":[{"name":"wp","href":"https:\/\/api.w.org\/{rel}","templated":true}]}}