{"id":19953,"date":"2022-12-14T11:06:56","date_gmt":"2022-12-14T09:06:56","guid":{"rendered":"https:\/\/rubi5.com\/?post_type=product&#038;p=19953"},"modified":"2026-01-18T11:22:49","modified_gmt":"2026-01-18T09:22:49","slug":"cargador-aleix","status":"publish","type":"product","link":"https:\/\/rubi5.com\/staging\/cargador-aleix\/","title":{"rendered":"Cargador Aleix"},"content":{"rendered":"","protected":false},"excerpt":{"rendered":"<p>Cargador inal\u00e1mbrico de dise\u00f1o circular fabricado en ca\u00f1a de trigo, para as\u00ed fomentar la utilizaci\u00f3n de materias primas naturales y reducir las emisiones contaminantes. Con funci\u00f3n carga r\u00e1pida de 10W e indicador led. Cable de carga micro USB incluido y compatible con dispositivos equipados con tecnolog\u00eda de carga inal\u00e1mbrica. Protecci\u00f3n de seguridad para evitar sobrecalentamiento, sobrecarga y cortocircuito. Presentado en atractiva caja de dise\u00f1o nature.<\/p>\n","protected":false},"featured_media":62259,"template":"","meta":{"_acf_changed":false},"product_brand":[],"product_cat":[954,328,980,898,147],"product_tag":[],"class_list":{"0":"post-19953","1":"product","2":"type-product","3":"status-publish","4":"has-post-thumbnail","6":"product_cat-cargadores-inalambricos","7":"product_cat-cargadores-personalizados","8":"product_cat-mas-regalos","9":"product_cat-regalos-ecologicos","10":"product_cat-tecnologia","12":"first","13":"instock","14":"taxable","15":"shipping-taxable","16":"purchasable","17":"product-type-variable"},"acf":[],"_links":{"self":[{"href":"https:\/\/rubi5.com\/staging\/wp-json\/wp\/v2\/product\/19953","targetHints":{"allow":["GET"]}}],"collection":[{"href":"https:\/\/rubi5.com\/staging\/wp-json\/wp\/v2\/product"}],"about":[{"href":"https:\/\/rubi5.com\/staging\/wp-json\/wp\/v2\/types\/product"}],"version-history":[{"count":1,"href":"https:\/\/rubi5.com\/staging\/wp-json\/wp\/v2\/product\/19953\/revisions"}],"predecessor-version":[{"id":20048,"href":"https:\/\/rubi5.com\/staging\/wp-json\/wp\/v2\/product\/19953\/revisions\/20048"}],"wp:featuredmedia":[{"embeddable":true,"href":"https:\/\/rubi5.com\/staging\/wp-json\/wp\/v2\/media\/62259"}],"wp:attachment":[{"href":"https:\/\/rubi5.com\/staging\/wp-json\/wp\/v2\/media?parent=19953"}],"wp:term":[{"taxonomy":"product_brand","embeddable":true,"href":"https:\/\/rubi5.com\/staging\/wp-json\/wp\/v2\/product_brand?post=19953"},{"taxonomy":"product_cat","embeddable":true,"href":"https:\/\/rubi5.com\/staging\/wp-json\/wp\/v2\/product_cat?post=19953"},{"taxonomy":"product_tag","embeddable":true,"href":"https:\/\/rubi5.com\/staging\/wp-json\/wp\/v2\/product_tag?post=19953"}],"curies":[{"name":"wp","href":"https:\/\/api.w.org\/{rel}","templated":true}]}}