{"id":20015,"date":"2022-12-14T11:07:47","date_gmt":"2022-12-14T09:07:47","guid":{"rendered":"https:\/\/rubi5.com\/?post_type=product&#038;p=20015"},"modified":"2026-01-21T03:17:46","modified_gmt":"2026-01-21T01:17:46","slug":"power-bank-lenard","status":"publish","type":"product","link":"https:\/\/rubi5.com\/staging\/power-bank-lenard\/","title":{"rendered":"Power Bank Lenard"},"content":{"rendered":"","protected":false},"excerpt":{"rendered":"<p>Resistente bater\u00eda auxiliar externa de recarga solar, resistente a las salpicaduras de agua y de gran capacidad de carga -4.000 mAh-. Con recubrimiento de silicona y de corte deportivo, est\u00e1 especialmente dise\u00f1ada para actividades al aire libre en las que no hay posibilidad de acceso a una fuente de recarga el\u00e9ctrica. Dispone de salida USB dual para cargar dos dispositivos simult\u00e1neamente, LED indicadores de estado de carga y potente luz LED de se\u00f1alizaci\u00f3n SOS, Dise\u00f1ado para usar en caso de situaciones de emergencia. Con mosquet\u00f3n de transporte de aluminio y resistente cable micro USB incluido. Disponible en extensa gama de colores Presentada en atractiva caja de dise\u00f1o. Las capacidades mostradas en todas nuestras bater\u00edas auxiliares externas son reales, incorporando todas ellas bater\u00edas de grado A y no recicladas, con una vida \u00fatil de al menos 500 ciclos de carga y seg\u00fan normativa CE. Adem\u00e1s, est\u00e1n fabricadas conforme a los est\u00e1ndares RoHS y en cumplimiento con los siguientes requisitos de seguridad: Sistema de protecci\u00f3n contra sobrecarga del power bank. Sistema de protecci\u00f3n contra descarga completa que proporciona una mayor durabilidad del power bank. Sistema de bloqueo para evitar cortocircuitos. Sistema de transferencia de carga constante, acorde con la capacidad del dispositivo de destino.<\/p>\n","protected":false},"featured_media":20094,"template":"","meta":{"_acf_changed":false},"product_brand":[],"product_cat":[328,329,147],"product_tag":[],"class_list":{"0":"post-20015","1":"product","2":"type-product","3":"status-publish","4":"has-post-thumbnail","6":"product_cat-cargadores-personalizados","7":"product_cat-powerbanks-personalizados","8":"product_cat-tecnologia","10":"first","11":"instock","12":"taxable","13":"shipping-taxable","14":"purchasable","15":"product-type-variable"},"acf":[],"_links":{"self":[{"href":"https:\/\/rubi5.com\/staging\/wp-json\/wp\/v2\/product\/20015","targetHints":{"allow":["GET"]}}],"collection":[{"href":"https:\/\/rubi5.com\/staging\/wp-json\/wp\/v2\/product"}],"about":[{"href":"https:\/\/rubi5.com\/staging\/wp-json\/wp\/v2\/types\/product"}],"version-history":[{"count":1,"href":"https:\/\/rubi5.com\/staging\/wp-json\/wp\/v2\/product\/20015\/revisions"}],"predecessor-version":[{"id":20099,"href":"https:\/\/rubi5.com\/staging\/wp-json\/wp\/v2\/product\/20015\/revisions\/20099"}],"wp:featuredmedia":[{"embeddable":true,"href":"https:\/\/rubi5.com\/staging\/wp-json\/wp\/v2\/media\/20094"}],"wp:attachment":[{"href":"https:\/\/rubi5.com\/staging\/wp-json\/wp\/v2\/media?parent=20015"}],"wp:term":[{"taxonomy":"product_brand","embeddable":true,"href":"https:\/\/rubi5.com\/staging\/wp-json\/wp\/v2\/product_brand?post=20015"},{"taxonomy":"product_cat","embeddable":true,"href":"https:\/\/rubi5.com\/staging\/wp-json\/wp\/v2\/product_cat?post=20015"},{"taxonomy":"product_tag","embeddable":true,"href":"https:\/\/rubi5.com\/staging\/wp-json\/wp\/v2\/product_tag?post=20015"}],"curies":[{"name":"wp","href":"https:\/\/api.w.org\/{rel}","templated":true}]}}