{"id":20058,"date":"2022-12-14T11:08:32","date_gmt":"2022-12-14T09:08:32","guid":{"rendered":"https:\/\/rubi5.com\/?post_type=product&#038;p=20058"},"modified":"2026-01-21T03:17:46","modified_gmt":"2026-01-21T01:17:46","slug":"power-bank-kaprin","status":"publish","type":"product","link":"https:\/\/rubi5.com\/staging\/power-bank-kaprin\/","title":{"rendered":"Power Bank Kaprin"},"content":{"rendered":"","protected":false},"excerpt":{"rendered":"<p>Bater\u00eda auxiliar externa de gran capacidad de carga -10.000 mAh-. Con salida USB triple para cargar hasta 3 dispositivos de forma simult\u00e1nea, ledes indicadores de estado de carga, dise\u00f1o curvado con cuerpo en color blanco y laterales en vivos colores, con amplia superficie de marcaje. Presentada en atractiva caja de dise\u00f1o. Las capacidades mostradas en todas nuestras bater\u00edas auxiliares externas son reales, incorporando todas ellas bater\u00edas de grado A y no recicladas, con una vida \u00fatil de al menos 500 ciclos de carga y seg\u00fan normativa CE. Adem\u00e1s, est\u00e1n fabricadas conforme a los est\u00e1ndares RoHS y en cumplimiento con los siguientes requisitos de seguridad: Sistema de protecci\u00f3n contra sobrecarga del power bank. Sistema de protecci\u00f3n contra descarga completa que proporciona una mayor durabilidad del power bank. Sistema de bloqueo para evitar cortocircuitos. Sistema de transferencia de carga constante, acorde con la capacidad del dispositivo de destino.<\/p>\n","protected":false},"featured_media":62281,"template":"","meta":{"_acf_changed":false},"product_brand":[],"product_cat":[328,329,147],"product_tag":[],"class_list":{"0":"post-20058","1":"product","2":"type-product","3":"status-publish","4":"has-post-thumbnail","6":"product_cat-cargadores-personalizados","7":"product_cat-powerbanks-personalizados","8":"product_cat-tecnologia","10":"first","11":"instock","12":"taxable","13":"shipping-taxable","14":"purchasable","15":"product-type-variable"},"acf":[],"_links":{"self":[{"href":"https:\/\/rubi5.com\/staging\/wp-json\/wp\/v2\/product\/20058","targetHints":{"allow":["GET"]}}],"collection":[{"href":"https:\/\/rubi5.com\/staging\/wp-json\/wp\/v2\/product"}],"about":[{"href":"https:\/\/rubi5.com\/staging\/wp-json\/wp\/v2\/types\/product"}],"version-history":[{"count":1,"href":"https:\/\/rubi5.com\/staging\/wp-json\/wp\/v2\/product\/20058\/revisions"}],"predecessor-version":[{"id":20124,"href":"https:\/\/rubi5.com\/staging\/wp-json\/wp\/v2\/product\/20058\/revisions\/20124"}],"wp:featuredmedia":[{"embeddable":true,"href":"https:\/\/rubi5.com\/staging\/wp-json\/wp\/v2\/media\/62281"}],"wp:attachment":[{"href":"https:\/\/rubi5.com\/staging\/wp-json\/wp\/v2\/media?parent=20058"}],"wp:term":[{"taxonomy":"product_brand","embeddable":true,"href":"https:\/\/rubi5.com\/staging\/wp-json\/wp\/v2\/product_brand?post=20058"},{"taxonomy":"product_cat","embeddable":true,"href":"https:\/\/rubi5.com\/staging\/wp-json\/wp\/v2\/product_cat?post=20058"},{"taxonomy":"product_tag","embeddable":true,"href":"https:\/\/rubi5.com\/staging\/wp-json\/wp\/v2\/product_tag?post=20058"}],"curies":[{"name":"wp","href":"https:\/\/api.w.org\/{rel}","templated":true}]}}