{"id":20159,"date":"2022-12-14T11:09:58","date_gmt":"2022-12-14T09:09:58","guid":{"rendered":"https:\/\/rubi5.com\/?post_type=product&#038;p=20159"},"modified":"2026-01-21T20:26:05","modified_gmt":"2026-01-21T18:26:05","slug":"tapa-webcam-fildon","status":"publish","type":"product","link":"https:\/\/rubi5.com\/staging\/tapa-webcam-fildon\/","title":{"rendered":"Tapa Webcam Fildon"},"content":{"rendered":"","protected":false},"excerpt":{"rendered":"<p>Tapa deslizante de l\u00ednea nature. Dise\u00f1ada para cubrir la c\u00e1mara de los dispositivos electr\u00f3nicos y asegurar la protecci\u00f3n de la privacidad. En ca\u00f1a de trigo, para as\u00ed fomentar la utilizaci\u00f3n de materias primas naturales y reducir las emisiones contaminantes. Con adhesivo 3M, de fijaci\u00f3n extra fuerte y libre de residuos al despegarlo del dispositivo.<\/p>\n","protected":false},"featured_media":20232,"template":"","meta":{"_acf_changed":false},"product_brand":[],"product_cat":[956,955,980,898,147],"product_tag":[],"class_list":{"0":"post-20159","1":"product","2":"type-product","3":"status-publish","4":"has-post-thumbnail","6":"product_cat-tapas-webcam","7":"product_cat-accesorios-tecnologicos","8":"product_cat-mas-regalos","9":"product_cat-regalos-ecologicos","10":"product_cat-tecnologia","12":"first","13":"instock","14":"taxable","15":"shipping-taxable","16":"purchasable","17":"product-type-variable"},"acf":[],"_links":{"self":[{"href":"https:\/\/rubi5.com\/staging\/wp-json\/wp\/v2\/product\/20159","targetHints":{"allow":["GET"]}}],"collection":[{"href":"https:\/\/rubi5.com\/staging\/wp-json\/wp\/v2\/product"}],"about":[{"href":"https:\/\/rubi5.com\/staging\/wp-json\/wp\/v2\/types\/product"}],"version-history":[{"count":1,"href":"https:\/\/rubi5.com\/staging\/wp-json\/wp\/v2\/product\/20159\/revisions"}],"predecessor-version":[{"id":20235,"href":"https:\/\/rubi5.com\/staging\/wp-json\/wp\/v2\/product\/20159\/revisions\/20235"}],"wp:featuredmedia":[{"embeddable":true,"href":"https:\/\/rubi5.com\/staging\/wp-json\/wp\/v2\/media\/20232"}],"wp:attachment":[{"href":"https:\/\/rubi5.com\/staging\/wp-json\/wp\/v2\/media?parent=20159"}],"wp:term":[{"taxonomy":"product_brand","embeddable":true,"href":"https:\/\/rubi5.com\/staging\/wp-json\/wp\/v2\/product_brand?post=20159"},{"taxonomy":"product_cat","embeddable":true,"href":"https:\/\/rubi5.com\/staging\/wp-json\/wp\/v2\/product_cat?post=20159"},{"taxonomy":"product_tag","embeddable":true,"href":"https:\/\/rubi5.com\/staging\/wp-json\/wp\/v2\/product_tag?post=20159"}],"curies":[{"name":"wp","href":"https:\/\/api.w.org\/{rel}","templated":true}]}}