{"id":20254,"date":"2022-12-14T11:11:39","date_gmt":"2022-12-14T09:11:39","guid":{"rendered":"https:\/\/rubi5.com\/?post_type=product&#038;p=20254"},"modified":"2026-01-21T20:26:05","modified_gmt":"2026-01-21T18:26:05","slug":"soporte-lastrow","status":"publish","type":"product","link":"https:\/\/rubi5.com\/staging\/soporte-lastrow\/","title":{"rendered":"Soporte Lastrow"},"content":{"rendered":"","protected":false},"excerpt":{"rendered":"<p>Soporte para dispositivo m\u00f3vil de l\u00ednea nature. Fabricado en ca\u00f1a de trigo\/PP, para as\u00ed fomentar la utilizaci\u00f3n de materias primas naturales y reducir las emisiones contaminantes. Patas plegables con topes antideslizantes en PVC, especialmente dise\u00f1ado para marcaje en tampograf\u00eda.<\/p>\n","protected":false},"featured_media":62284,"template":"","meta":{"_acf_changed":false},"product_brand":[],"product_cat":[957,955,980,898,147],"product_tag":[],"class_list":{"0":"post-20254","1":"product","2":"type-product","3":"status-publish","4":"has-post-thumbnail","6":"product_cat-soportes-para-movil","7":"product_cat-accesorios-tecnologicos","8":"product_cat-mas-regalos","9":"product_cat-regalos-ecologicos","10":"product_cat-tecnologia","12":"first","13":"instock","14":"taxable","15":"shipping-taxable","16":"purchasable","17":"product-type-variable"},"acf":[],"_links":{"self":[{"href":"https:\/\/rubi5.com\/staging\/wp-json\/wp\/v2\/product\/20254","targetHints":{"allow":["GET"]}}],"collection":[{"href":"https:\/\/rubi5.com\/staging\/wp-json\/wp\/v2\/product"}],"about":[{"href":"https:\/\/rubi5.com\/staging\/wp-json\/wp\/v2\/types\/product"}],"version-history":[{"count":2,"href":"https:\/\/rubi5.com\/staging\/wp-json\/wp\/v2\/product\/20254\/revisions"}],"predecessor-version":[{"id":40367,"href":"https:\/\/rubi5.com\/staging\/wp-json\/wp\/v2\/product\/20254\/revisions\/40367"}],"wp:featuredmedia":[{"embeddable":true,"href":"https:\/\/rubi5.com\/staging\/wp-json\/wp\/v2\/media\/62284"}],"wp:attachment":[{"href":"https:\/\/rubi5.com\/staging\/wp-json\/wp\/v2\/media?parent=20254"}],"wp:term":[{"taxonomy":"product_brand","embeddable":true,"href":"https:\/\/rubi5.com\/staging\/wp-json\/wp\/v2\/product_brand?post=20254"},{"taxonomy":"product_cat","embeddable":true,"href":"https:\/\/rubi5.com\/staging\/wp-json\/wp\/v2\/product_cat?post=20254"},{"taxonomy":"product_tag","embeddable":true,"href":"https:\/\/rubi5.com\/staging\/wp-json\/wp\/v2\/product_tag?post=20254"}],"curies":[{"name":"wp","href":"https:\/\/api.w.org\/{rel}","templated":true}]}}